{"id":18822,"date":"2020-11-25T20:52:44","date_gmt":"2020-11-25T19:52:44","guid":{"rendered":"https:\/\/labirinto.ch\/login-anpassung\/"},"modified":"2020-11-25T20:52:44","modified_gmt":"2020-11-25T19:52:44","slug":"login-anpassung","status":"publish","type":"page","link":"https:\/\/labirinto.ch\/de\/login-anpassung\/","title":{"rendered":"Login-Anpassung"},"content":{"rendered":"<p>Diese Seite wird f\u00fcr das Login Customiser Plugin verwendet. Es wird f\u00fcr Ihre Leser nicht sichtbar sein. L\u00f6schen Sie sie nicht.<\/p>\n","protected":false},"excerpt":{"rendered":"<p>Diese Seite wird f\u00fcr das Login Customiser Plugin verwendet. Es wird f\u00fcr Ihre Leser nicht sichtbar sein. L\u00f6schen Sie sie nicht.<\/p>\n","protected":false},"author":167,"featured_media":0,"parent":0,"menu_order":0,"comment_status":"closed","ping_status":"closed","template":"template-login-customizer.php","meta":{"_acf_changed":false,"_seopress_robots_primary_cat":"","_seopress_titles_title":"","_seopress_titles_desc":"","_seopress_robots_index":"","footnotes":""},"class_list":["post-18822","page","type-page","status-publish","hentry"],"acf":[],"jetpack_sharing_enabled":true,"_links":{"self":[{"href":"https:\/\/labirinto.ch\/de\/wp-json\/wp\/v2\/pages\/18822","targetHints":{"allow":["GET"]}}],"collection":[{"href":"https:\/\/labirinto.ch\/de\/wp-json\/wp\/v2\/pages"}],"about":[{"href":"https:\/\/labirinto.ch\/de\/wp-json\/wp\/v2\/types\/page"}],"author":[{"embeddable":true,"href":"https:\/\/labirinto.ch\/de\/wp-json\/wp\/v2\/users\/167"}],"replies":[{"embeddable":true,"href":"https:\/\/labirinto.ch\/de\/wp-json\/wp\/v2\/comments?post=18822"}],"version-history":[{"count":0,"href":"https:\/\/labirinto.ch\/de\/wp-json\/wp\/v2\/pages\/18822\/revisions"}],"wp:attachment":[{"href":"https:\/\/labirinto.ch\/de\/wp-json\/wp\/v2\/media?parent=18822"}],"curies":[{"name":"wp","href":"https:\/\/api.w.org\/{rel}","templated":true}]}}