{"id":18834,"date":"2020-11-17T09:48:49","date_gmt":"2020-11-17T08:48:49","guid":{"rendered":"https:\/\/labirinto.ch\/verkaufsbedingungen\/"},"modified":"2025-05-15T14:25:37","modified_gmt":"2025-05-15T12:25:37","slug":"verkaufsbedingungen","status":"publish","type":"page","link":"https:\/\/labirinto.ch\/de\/verkaufsbedingungen\/","title":{"rendered":"VERKAUFSBEDINGUNGEN"},"content":{"rendered":"\t\t<div data-elementor-type=\"wp-page\" data-elementor-id=\"18834\" class=\"elementor elementor-18834 elementor-1141\" data-elementor-post-type=\"page\">\n\t\t\t\t\t\t<section class=\"elementor-section elementor-top-section elementor-element elementor-element-fe54247 elementor-section-boxed elementor-section-height-default elementor-section-height-default\" data-id=\"fe54247\" data-element_type=\"section\" data-e-type=\"section\" data-settings=\"{&quot;jet_parallax_layout_list&quot;:[]}\">\n\t\t\t\t\t\t<div class=\"elementor-container elementor-column-gap-default\">\n\t\t\t\t\t<div class=\"elementor-column elementor-col-100 elementor-top-column elementor-element elementor-element-19160ab\" data-id=\"19160ab\" data-element_type=\"column\" data-e-type=\"column\">\n\t\t\t<div class=\"elementor-widget-wrap elementor-element-populated\">\n\t\t\t\t\t\t<div class=\"elementor-element elementor-element-6bc2cc5 elementor-widget elementor-widget-heading\" data-id=\"6bc2cc5\" data-element_type=\"widget\" data-e-type=\"widget\" data-widget_type=\"heading.default\">\n\t\t\t\t<div class=\"elementor-widget-container\">\n\t\t\t\t\t<h2 class=\"elementor-heading-title elementor-size-default\">VERKAUFSBEDINGUNGEN<\/h2>\t\t\t\t<\/div>\n\t\t\t\t<\/div>\n\t\t\t\t\t<\/div>\n\t\t<\/div>\n\t\t\t\t\t<\/div>\n\t\t<\/section>\n\t\t\t\t<section class=\"elementor-section elementor-top-section elementor-element elementor-element-7cc3034 elementor-section-boxed elementor-section-height-default elementor-section-height-default\" data-id=\"7cc3034\" data-element_type=\"section\" data-e-type=\"section\" data-settings=\"{&quot;jet_parallax_layout_list&quot;:[]}\">\n\t\t\t\t\t\t<div class=\"elementor-container elementor-column-gap-default\">\n\t\t\t\t\t<div class=\"elementor-column elementor-col-100 elementor-top-column elementor-element elementor-element-e42a3ce\" data-id=\"e42a3ce\" data-element_type=\"column\" data-e-type=\"column\">\n\t\t\t<div class=\"elementor-widget-wrap elementor-element-populated\">\n\t\t\t\t\t\t<section class=\"elementor-section elementor-inner-section elementor-element elementor-element-7eaa94e elementor-section-boxed elementor-section-height-default elementor-section-height-default\" data-id=\"7eaa94e\" data-element_type=\"section\" data-e-type=\"section\" data-settings=\"{&quot;jet_parallax_layout_list&quot;:[]}\">\n\t\t\t\t\t\t<div class=\"elementor-container elementor-column-gap-default\">\n\t\t\t\t\t<div class=\"elementor-column elementor-col-100 elementor-inner-column elementor-element elementor-element-702199f\" data-id=\"702199f\" data-element_type=\"column\" data-e-type=\"column\">\n\t\t\t<div class=\"elementor-widget-wrap elementor-element-populated\">\n\t\t\t\t\t\t<div class=\"elementor-element elementor-element-0bdea73 elementor-widget elementor-widget-text-editor\" data-id=\"0bdea73\" data-element_type=\"widget\" data-e-type=\"widget\" data-widget_type=\"text-editor.default\">\n\t\t\t\t<div class=\"elementor-widget-container\">\n\t\t\t\t\t\t\t\t\t<p>VERKAUFSBEDINGUNGEN<\/p>\n<p>ALLGEMEINE BEDINGUNGEN<\/p>\n<p>Diese allgemeinen Gesch\u00e4ftsbedingungen gelten f\u00fcr alle K\u00e4ufe oder Dienstleistungen, die \u00fcber die Internetseite von Labirinto.ch get\u00e4tigt oder angefordert werden. Online-Angebote von Produkten und Dienstleistungen sind nur g\u00fcltig, wenn sie auf der Website sichtbar sind und solange der Vorrat reicht. Die auf der Website dargestellten Abbildungen dienen lediglich der Information und sind in keiner Weise verbindlich. Labirinto.ch \u00fcbernimmt keine Haftung f\u00fcr eventuelle Fehler oder Ungenauigkeiten im Zusammenhang mit den oben genannten Diagrammen, Abbildungen, Erl\u00e4uterungen usw. in den Katalogen oder Informationsbl\u00e4ttern. Preis- und Modell\u00e4nderungen oder m\u00f6gliche Fehler vorbehalten.    <\/p>\n<p>PREISE<\/p>\n<p>Die auf der Website angegebenen Preise sind ausschlie\u00dflich in Schweizer Franken angegeben, einschlie\u00dflich Mehrwertsteuer und vorgezogener Recyclinggeb\u00fchr (ARF). Verwaltungsgeb\u00fchren und Versandkosten sind nicht enthalten und werden separat berechnet. Die Zahlung f\u00fcr alle bestellten Artikel und Dienstleistungen erfolgt ausschlie\u00dflich in Schweizer Franken. Labirinto.ch beh\u00e4lt sich das Recht vor, die Preise jederzeit zu \u00e4ndern. F\u00fcr Produkte, die von Kunden bestellt werden, gelten jedoch immer die zum Zeitpunkt der Bestellung g\u00fcltigen und in der Auftragsbest\u00e4tigung angegebenen Preise.    <\/p>\n<p>BESTELLUNG<\/p>\n<p>Eine Bestellung wird erst nach Genehmigung durch Labirinto.ch endg\u00fcltig. Mit der Aufgabe einer Bestellung akzeptiert der Kunde die vorliegenden allgemeinen Gesch\u00e4ftsbedingungen in ihrer Gesamtheit und ohne Vorbehalt, unter Ausschluss aller anderen Bestimmungen oder Bedingungen. Die anderen Verkaufsbedingungen, die insbesondere in den Gesch\u00e4ften il Labirinto und il filo d&#8217;Arianna gelten, gelten nicht f\u00fcr Online-Bestellungen \u00fcber die Website. Labirinto.ch beh\u00e4lt sich das Recht vor, jede Kundenbestellung abzulehnen.   <\/p>\n<p>LIEFERUNG<\/p>\n<p>Der Versand erfolgt nur, wenn die Lieferadresse in der Schweiz liegt. Die Versandkosten werden haupts\u00e4chlich von Labirinto.ch getragen. F\u00fcr jede Bestellung berechnen wir dem Kunden eine Versandpauschale von CHF 10.00. Die Waren werden innerhalb von drei Tagen nach dem Online-Kauf geliefert (es werden nur Arbeitstage ber\u00fccksichtigt). Kunden werden dar\u00fcber informiert, dass es w\u00e4hrend Werbeaktionen oder Ladenverk\u00e4ufen zu Verz\u00f6gerungen beim Versand kommen kann.    <\/p>\n<p>ZAHLUNGSM\u00d6GLICHKEITEN<\/p>\n<p>Sofern nicht anders vereinbart, sind alle Produkte, Dienstleistungen und Leistungen mit den folgenden Kreditkarten zu bezahlen: MasterCard, Visa, Post Card. Alle Zahlungstransaktionen finden im sicheren Bereich der Website statt. Die von Labirinto.ch gespeicherten Daten dienen als Nachweis f\u00fcr alle Transaktionen zwischen Labirinto.ch und seinen Kunden. Die vom Zahlungssystem gespeicherten Daten dienen als Grundlage f\u00fcr finanzielle Transaktionen.   <\/p>\n<p>ERSATZ, R\u00dcCKGABE UND REKLAMATIONEN<\/p>\n<p>Allgemeine Bestimmungen zur R\u00fcckgabe: Die Ware muss innerhalb von 6 Tagen nach Erhalt in der Originalverpackung unter Angabe der Vertragsnummer und des R\u00fcckgabegrundes an Labirinto.ch zur\u00fcckgeschickt werden. Beantragen Sie unbedingt eine R\u00fcckgabegenehmigung, indem Sie den Antrag an shop@labirinto.ch schicken und die Artikelnummer angeben, ob Sie die Gr\u00f6\u00dfe umtauschen oder den Betrag zur\u00fcckgeben m\u00f6chten. Der Sicherheitsfaden an den zur\u00fcckgegebenen Artikeln darf nicht abgeschnitten oder unterbrochen sein. Die Kleidungsst\u00fccke d\u00fcrfen nicht getragen, gewaschen oder ver\u00e4ndert worden sein und d\u00fcrfen keine Gebrauchsspuren oder ein besonderes Parf\u00fcm aufweisen. Die Sohlen der Schuhe m\u00fcssen in einwandfreiem Zustand sein und d\u00fcrfen keine Flecken aufweisen, andernfalls behalten wir uns das Recht vor, die zur\u00fcckgesandte Ware abzulehnen. Labirinto.ch beh\u00e4lt sich das Recht vor, R\u00fccksendungen abzulehnen, die nicht gem\u00e4\u00df den R\u00fccksendebedingungen genehmigt oder verschickt wurden. Im Falle einer R\u00fccksendung eines Artikels tr\u00e4gt der Kunde die Kosten f\u00fcr den Versand.       Geschwei\u00dfte Waren k\u00f6nnen nicht mehr umgetauscht werden.<\/p>\n<p>K\u00dcNDIGUNGSKLAUSEL<\/p>\n<p>Kommt der Kunde seinen Verpflichtungen ganz oder teilweise nicht nach oder h\u00e4lt er eine Zahlungsfrist nicht ein, beh\u00e4lt sich Labirinto.ch das Recht vor, die sofortige Zahlung aller ausstehenden Betr\u00e4ge, gleich welcher Art, zu verlangen, alle ausstehenden Lieferungen einzustellen oder vom laufenden Vertrag zur\u00fcckzutreten.<\/p>\n<p>ANWENDBARES RECHT \/ STREITIGKEITEN<\/p>\n<p>Dieser Vertrag unterliegt dem Schweizer Recht. Diese Allgemeinen Gesch\u00e4ftsbedingungen gelten mit der Bestellung der Waren durch den K\u00e4ufer als angenommen. Nur das Unternehmen kann \u00c4nderungen oder Erg\u00e4nzungen an diesen allgemeinen Bedingungen vornehmen. Letzteres muss ebenfalls schriftlich erfolgen.   <\/p>\t\t\t\t\t\t\t\t<\/div>\n\t\t\t\t<\/div>\n\t\t\t\t\t<\/div>\n\t\t<\/div>\n\t\t\t\t\t<\/div>\n\t\t<\/section>\n\t\t\t\t\t<\/div>\n\t\t<\/div>\n\t\t\t\t\t<\/div>\n\t\t<\/section>\n\t\t\t\t<\/div>\n\t\t","protected":false},"excerpt":{"rendered":"<p>VERKAUFSBEDINGUNGEN VERKAUFSBEDINGUNGEN ALLGEMEINE BEDINGUNGEN Diese allgemeinen Gesch\u00e4ftsbedingungen gelten f\u00fcr alle K\u00e4ufe oder Dienstleistungen, die \u00fcber die Internetseite von Labirinto.ch get\u00e4tigt oder angefordert werden. Online-Angebote von Produkten und Dienstleistungen sind nur g\u00fcltig, wenn sie auf der Website sichtbar sind und solange der Vorrat reicht. Die auf der Website dargestellten Abbildungen dienen lediglich der Information und sind [&hellip;]<\/p>\n","protected":false},"author":170,"featured_media":0,"parent":0,"menu_order":0,"comment_status":"closed","ping_status":"closed","template":"","meta":{"_acf_changed":false,"_seopress_robots_primary_cat":"","_seopress_titles_title":"","_seopress_titles_desc":"","_seopress_robots_index":"","footnotes":""},"class_list":["post-18834","page","type-page","status-publish","hentry"],"acf":[],"jetpack_sharing_enabled":true,"_links":{"self":[{"href":"https:\/\/labirinto.ch\/de\/wp-json\/wp\/v2\/pages\/18834","targetHints":{"allow":["GET"]}}],"collection":[{"href":"https:\/\/labirinto.ch\/de\/wp-json\/wp\/v2\/pages"}],"about":[{"href":"https:\/\/labirinto.ch\/de\/wp-json\/wp\/v2\/types\/page"}],"author":[{"embeddable":true,"href":"https:\/\/labirinto.ch\/de\/wp-json\/wp\/v2\/users\/170"}],"replies":[{"embeddable":true,"href":"https:\/\/labirinto.ch\/de\/wp-json\/wp\/v2\/comments?post=18834"}],"version-history":[{"count":0,"href":"https:\/\/labirinto.ch\/de\/wp-json\/wp\/v2\/pages\/18834\/revisions"}],"wp:attachment":[{"href":"https:\/\/labirinto.ch\/de\/wp-json\/wp\/v2\/media?parent=18834"}],"curies":[{"name":"wp","href":"https:\/\/api.w.org\/{rel}","templated":true}]}}