{"id":18838,"date":"2020-11-17T11:08:28","date_gmt":"2020-11-17T10:08:28","guid":{"rendered":"https:\/\/labirinto.ch\/cookie-richtlinie\/"},"modified":"2024-07-15T11:49:51","modified_gmt":"2024-07-15T09:49:51","slug":"cookie-richtlinie","status":"publish","type":"page","link":"https:\/\/labirinto.ch\/de\/cookie-richtlinie\/","title":{"rendered":"Cookie-Richtlinie"},"content":{"rendered":"\t\t<div data-elementor-type=\"wp-page\" data-elementor-id=\"18838\" class=\"elementor elementor-18838 elementor-1201\" data-elementor-post-type=\"page\">\n\t\t\t\t\t\t<section class=\"elementor-section elementor-top-section elementor-element elementor-element-fe54247 elementor-section-boxed elementor-section-height-default elementor-section-height-default\" data-id=\"fe54247\" data-element_type=\"section\" data-e-type=\"section\" data-settings=\"{&quot;jet_parallax_layout_list&quot;:[]}\">\n\t\t\t\t\t\t<div class=\"elementor-container elementor-column-gap-default\">\n\t\t\t\t\t<div class=\"elementor-column elementor-col-100 elementor-top-column elementor-element elementor-element-19160ab\" data-id=\"19160ab\" data-element_type=\"column\" data-e-type=\"column\">\n\t\t\t<div class=\"elementor-widget-wrap elementor-element-populated\">\n\t\t\t\t\t\t<div class=\"elementor-element elementor-element-6bc2cc5 elementor-widget elementor-widget-heading\" data-id=\"6bc2cc5\" data-element_type=\"widget\" data-e-type=\"widget\" data-widget_type=\"heading.default\">\n\t\t\t\t<div class=\"elementor-widget-container\">\n\t\t\t\t\t<h2 class=\"elementor-heading-title elementor-size-default\">COOKIE-POLITIK<\/h2>\t\t\t\t<\/div>\n\t\t\t\t<\/div>\n\t\t\t\t\t<\/div>\n\t\t<\/div>\n\t\t\t\t\t<\/div>\n\t\t<\/section>\n\t\t\t\t<section class=\"elementor-section elementor-top-section elementor-element elementor-element-7cc3034 elementor-section-boxed elementor-section-height-default elementor-section-height-default\" data-id=\"7cc3034\" data-element_type=\"section\" data-e-type=\"section\" data-settings=\"{&quot;jet_parallax_layout_list&quot;:[]}\">\n\t\t\t\t\t\t<div class=\"elementor-container elementor-column-gap-default\">\n\t\t\t\t\t<div class=\"elementor-column elementor-col-100 elementor-top-column elementor-element elementor-element-e42a3ce\" data-id=\"e42a3ce\" data-element_type=\"column\" data-e-type=\"column\">\n\t\t\t<div class=\"elementor-widget-wrap elementor-element-populated\">\n\t\t\t\t\t\t<section class=\"elementor-section elementor-inner-section elementor-element elementor-element-7eaa94e elementor-section-boxed elementor-section-height-default elementor-section-height-default\" data-id=\"7eaa94e\" data-element_type=\"section\" data-e-type=\"section\" data-settings=\"{&quot;jet_parallax_layout_list&quot;:[]}\">\n\t\t\t\t\t\t<div class=\"elementor-container elementor-column-gap-default\">\n\t\t\t\t\t<div class=\"elementor-column elementor-col-100 elementor-inner-column elementor-element elementor-element-702199f\" data-id=\"702199f\" data-element_type=\"column\" data-e-type=\"column\">\n\t\t\t<div class=\"elementor-widget-wrap elementor-element-populated\">\n\t\t\t\t\t\t<div class=\"elementor-element elementor-element-0bdea73 elementor-widget elementor-widget-text-editor\" data-id=\"0bdea73\" data-element_type=\"widget\" data-e-type=\"widget\" data-widget_type=\"text-editor.default\">\n\t\t\t\t<div class=\"elementor-widget-container\">\n\t\t\t\t\t\t\t\t\t<p>Cookies sind Codeteile, die im Browser installiert werden und den Controller bei der Bereitstellung des Dienstes zu den beschriebenen Zwecken unterst\u00fctzen. Einige der Zwecke der Installation von Cookies k\u00f6nnen auch die Zustimmung des Benutzers erfordern.<br \/>Wenn Cookies auf der Grundlage einer Einwilligung installiert werden, kann diese Einwilligung jederzeit frei widerrufen werden, indem Sie die Anweisungen in diesem Dokument befolgen.  <\/p>\n<h3>Data Controller<\/h3>\n<p>LABIRINTO.CH<br \/>Via Cittadella 16<br \/>E-Mail Adresse des Inhabers: <a href=\"mailto:il@labirinto.ch\">il@labirinto.ch<\/a> <\/p>\n<h3>Technische Cookies und Cookies f\u00fcr aggregierte Statistiken<\/h3>\n<p><strong>F\u00fcr den Betrieb unbedingt notwendige Aktivit\u00e4ten<\/strong><br \/>Diese Website verwendet Cookies, um die Sitzung des Benutzers zu speichern und um andere Aktivit\u00e4ten durchzuf\u00fchren, die f\u00fcr den Betrieb dieser Website unbedingt erforderlich sind, z.B. in Bezug auf die Verteilung des Datenverkehrs.<\/p>\n<p><strong>Speichern von Einstellungen, Optimierung und Statistiken<\/strong><br \/>Diese Website verwendet Cookies, um Navigationspr\u00e4ferenzen zu speichern und das Surferlebnis des Benutzers zu optimieren. Zu diesen Cookies geh\u00f6ren z.B. solche f\u00fcr die Einstellung der Sprache und der W\u00e4hrung oder f\u00fcr die Verwaltung von Statistiken durch den Betreiber der Website.<\/p>\n<p><strong>Andere Arten von Cookies oder Tools von Drittanbietern, die diese installieren k\u00f6nnen<\/strong><br \/>Einige der unten aufgef\u00fchrten Dienste erheben Statistiken in zusammengefasster und anonymer Form und bed\u00fcrfen m\u00f6glicherweise nicht der Zustimmung des Nutzers oder werden direkt vom Data Controller - wie beschrieben - ohne die Hilfe von Dritten verwaltet.<br \/>Wenn die unten angegebenen Tools von Dritten betriebene Dienste enthalten, k\u00f6nnen diese - zus\u00e4tzlich zu dem, was angegeben ist, und auch ohne das Wissen des f\u00fcr die Verarbeitung Verantwortlichen - Tracking-Aktivit\u00e4ten in Bezug auf den Benutzer durchf\u00fchren. Detaillierte Informationen hierzu finden Sie in den Datenschutzrichtlinien der aufgef\u00fchrten Dienste.<\/p>\n<p><strong>Statistik<\/strong><br \/>Die in diesem Abschnitt enthaltenen Dienste erm\u00f6glichen dem Datenverantwortlichen die \u00dcberwachung und Analyse von Verkehrsdaten und dienen dazu, das Verhalten des Nutzers zu verfolgen.<\/p>\n<p><strong>Google Analytics (Google Inc.)<\/strong><br \/>Google Analytics ist ein Webanalysedienst, der von Google Inc. (&#8218;Google&#8216;). Google wird die gesammelten pers\u00f6nlichen Daten verwenden, um Ihre Nutzung dieser Website auszuwerten, Berichte zu erstellen und sie mit anderen von Google angebotenen Diensten zu teilen. Google kann pers\u00f6nliche Daten verwenden, um Anzeigen in seinem Werbenetzwerk zu kontextualisieren und zu personalisieren.<br \/>Erfasste pers\u00f6nliche Daten: Cookies und Nutzungsdaten.<br \/>Liste der verwendeten Cookies:<\/p>\n<ul>\n<li><strong>_ga<\/strong> - Tracking-Cookie eines Drittanbieters (Google Analytics), der f\u00fcr die Analyse der Besuche verwendet wird. Dauer: 2 Jahre.<\/li>\n<li><strong>_gat<\/strong> - Tracking-Cookie eines Drittanbieters (Google Tag Manager), der f\u00fcr die Analyse der Besuche verwendet wird. Dauer: 10 Minuten.<\/li>\n<li><strong>_gid<\/strong> - Tracking-Cookie eines Drittanbieters (Google Analytics), der f\u00fcr die Analyse der Besuche verwendet wird. Dauer: 1 Tag.<\/li>\n<\/ul>\n<p>Ort der Verarbeitung: Vereinigte Staaten - <a href=\"https:\/\/www.google.com\/intl\/it\/policies\/privacy\/\" target=\"_blank\" rel=\"noopener\">Datenschutzerkl\u00e4rung<\/a> - <a href=\"https:\/\/tools.google.com\/dlpage\/gaoptout?hl=it\" target=\"_blank\" rel=\"noopener\">Opt-out<\/a>. Teilnehmer am Privacy Shield.<\/p>\n<p><strong>Anzeige von Inhalten von externen Plattformen<\/strong><br \/>Diese Art von Service erm\u00f6glicht es, Inhalte, die auf externen Plattformen gehostet werden, direkt auf den Seiten dieser Website anzuzeigen und mit ihnen zu interagieren. Wenn ein solcher Dienst installiert ist, ist es m\u00f6glich, dass er Verkehrsdaten \u00fcber die Seiten, auf denen er installiert ist, sammelt, auch wenn die Benutzer den Dienst nicht nutzen.<\/p>\n<p><strong>Google Maps-Widget (Google Inc.)<\/strong><br \/>Google Maps ist ein Kartendarstellungsdienst, der von Google Inc. die es dieser Website erm\u00f6glicht, solche Inhalte in ihre Seiten zu integrieren.<br \/>Erfasste pers\u00f6nliche Daten: Cookies und Nutzungsdaten.<br \/>Ort der Verarbeitung: Vereinigte Staaten - <a href=\"https:\/\/policies.google.com\/privacy?hl=it&amp;gl=it\" target=\"_blank\" rel=\"noopener\">Datenschutzrichtlinie<\/a>. Teilnehmer am Privacy Shield.<\/p>\n<p><strong>Anzeige von Inhalten von externen Plattformen<\/strong><br \/>Diese Art von Service erm\u00f6glicht es, Inhalte, die auf externen Plattformen gehostet werden, direkt auf den Seiten dieser Website anzuzeigen und mit ihnen zu interagieren. Wenn ein solcher Dienst installiert ist, ist es m\u00f6glich, dass er Verkehrsdaten \u00fcber die Seiten, auf denen er installiert ist, sammelt, auch wenn die Benutzer den Dienst nicht nutzen.<\/p>\n<p><strong>YouTube Video Widget (Google Inc.)<\/strong><br \/>YouTube ist ein von Google Inc. betriebener Dienst zur Anzeige von Videoinhalten. die es dieser Website erm\u00f6glicht, solche Inhalte in ihre Seiten zu integrieren.<br \/>Erfasste pers\u00f6nliche Daten: Cookies und Nutzungsdaten.<br \/>Ort der Verarbeitung: Vereinigte Staaten - <a href=\"https:\/\/policies.google.com\/privacy?hl=it&amp;gl=it\" target=\"_blank\" rel=\"noopener\">Datenschutzrichtlinie<\/a>. Teilnehmer am Privacy Shield.<\/p>\n<p><strong>Vimeo Video (Vimeo, LLC)<\/strong><br \/>Vimeo ist ein von Vimeo, LLC betriebener Dienst zur Anzeige von Videoinhalten, der es dieser Website erm\u00f6glicht, solche Inhalte in ihre Seiten zu integrieren.<br \/>Erfasste pers\u00f6nliche Daten: Cookies und Nutzungsdaten.<br \/>Ort der Verarbeitung: Vereinigte Staaten - <a href=\"https:\/\/vimeo.com\/privacy\" target=\"_blank\" rel=\"noopener\">Datenschutzrichtlinie<\/a>.<\/p>\n<p><strong>Wie kann ich der Installation von Cookies zustimmen?<\/strong><br \/>Zus\u00e4tzlich zu dem, was in diesem Dokument angegeben ist, kann der Benutzer die Cookie-Einstellungen direkt in seinem Browser verwalten und beispielsweise die Installation von Cookies durch Dritte verhindern. \u00dcber Ihre Browsereinstellungen k\u00f6nnen Sie auch in der Vergangenheit installierte Cookies l\u00f6schen, einschlie\u00dflich des Cookies, in dem Sie m\u00f6glicherweise Ihre Zustimmung zur Installation von Cookies durch diese Website gespeichert haben. Informationen zur Verwaltung von Cookies in den g\u00e4ngigsten Browsern findet der Nutzer unter den folgenden Adressen: <a href=\"https:\/\/support.google.com\/chrome\/answer\/95647?hl=it&amp;p=cpn_cookies\" target=\"_blank\" rel=\"noopener\">Google Chrome<\/a>, <a href=\"https:\/\/support.mozilla.org\/it\/kb\/Attivare%20e%20disattivare%20i%20cookie\" target=\"_blank\" rel=\"noopener\">Mozilla Firefox<\/a>, <a href=\"https:\/\/support.apple.com\/kb\/PH21411\" target=\"_blank\" rel=\"noopener\">Apple Safari<\/a> und <a href=\"http:\/\/windows.microsoft.com\/it-it\/windows-vista\/block-or-allow-cookies\" target=\"_blank\" rel=\"noopener\">Microsoft Internet Explorer<\/a>.<br \/>In Bezug auf Cookies, die von Dritten installiert wurden, kann der Nutzer auch seine Einstellungen verwalten und seine Zustimmung zur\u00fcckziehen, indem er den entsprechenden Opt-Out-Link (falls vorhanden) aufruft, die in der Datenschutzrichtlinie des Dritten beschriebenen Tools verwendet oder den Dritten direkt kontaktiert.<br \/>Ungeachtet dessen kann der Nutzer Informationen nutzen, die von der <a href=\"http:\/\/www.youronlinechoices.eu\/\" target=\"_blank\" rel=\"noopener\">EDAA<\/a> (EU), der <a href=\"https:\/\/www.networkadvertising.org\/understanding-digital-advertising\" target=\"_blank\" rel=\"noopener\">Network Advertising Initiative<\/a> (USA) und der <a href=\"https:\/\/www.aboutads.info\/consumers\/\" target=\"_blank\" rel=\"noopener\">Digital Advertising Alliance<\/a> (USA), der <a href=\"https:\/\/youradchoices.ca\/understanding-online-advertising\/\" target=\"_blank\" rel=\"noopener\">DAAC<\/a> (Kanada), der <a href=\"http:\/\/www.ddai.info\/optout\" target=\"_blank\" rel=\"noopener\">DDAI<\/a> (Japan) oder anderen \u00e4hnlichen Diensten bereitgestellt werden. Mit diesen Diensten ist es m\u00f6glich, die Tracking-Einstellungen der meisten Werbetools zu verwalten. Der Inhaber r\u00e4t den Nutzern daher, diese Ressourcen zus\u00e4tzlich zu den hier bereitgestellten Informationen zu nutzen.<br \/>Da die Installation von Cookies und anderen Tracking-Systemen durch Dritte \u00fcber die auf dieser Website genutzten Dienste technisch nicht vom Eigent\u00fcmer kontrolliert werden kann, ist jeder spezifische Hinweis auf Cookies und Tracking-Systeme, die von Dritten installiert werden, als Hinweis zu verstehen. F\u00fcr vollst\u00e4ndige Informationen wird der Nutzer gebeten, die Datenschutzrichtlinien der in diesem Dokument aufgef\u00fchrten Drittanbieterdienste zu konsultieren.<br \/>Angesichts der objektiven Komplexit\u00e4t der Identifizierung von auf Cookies basierenden Technologien wird der Nutzer gebeten, sich an den f\u00fcr die Datenverarbeitung Verantwortlichen zu wenden, wenn er weitere Informationen \u00fcber die Verwendung von Cookies \u00fcber diese Website erhalten m\u00f6chte.<\/p>\n<h2>Definitionen oder rechtliche Hinweise<\/h2>\n<p><strong>Pers\u00f6nliche Daten (oder Daten)<\/strong><br \/>Personenbezogene Daten sind alle Informationen, die direkt oder indirekt, auch in Verbindung mit anderen Informationen, einschlie\u00dflich einer pers\u00f6nlichen Identifikationsnummer, eine nat\u00fcrliche Person identifizierbar oder identifizierbar machen.<\/p>\n<p><strong>Verwendungsdaten<\/strong><br \/>Dabei handelt es sich um die Informationen, die automatisch \u00fcber diese Website (einschlie\u00dflich der in diese Website integrierten Anwendungen Dritter) erfasst werden, darunter: IP-Adressen oder Domain-Namen der Computer, die vom Benutzer verwendet werden, der sich mit dieser Website verbindet, URI (Uniform Resource Identifier)-Notationsadressen, die Uhrzeit der Anfrage, die zur Weiterleitung der Anfrage an den Server verwendete Methode, die Gr\u00f6\u00dfe der als Antwort erhaltenen Datei, der Zahlencode, der den Status der Serverantwort angibt (erfolgreich, Fehler usw.), das Herkunftsland, die Merkmale des vom Besucher verwendeten Browsers und Betriebssystems, die verschiedenen zeitlichen Konnotationen des Besuchs (z. B. die auf jeder Seite verbrachte Zeit) und Einzelheiten der vom Benutzer verfolgten Reiseroute.), das Herkunftsland, die Merkmale des vom Besucher verwendeten Browsers und Betriebssystems, die verschiedenen zeitlichen Aspekte des Besuchs (z.B. die auf jeder Seite verbrachte Zeit) und die Einzelheiten der Reiseroute innerhalb der Anwendung, insbesondere die Reihenfolge der aufgerufenen Seiten, die Parameter des Betriebssystems und die IT-Umgebung des Benutzers.<\/p>\n<p><strong>Benutzer<\/strong><br \/>Die Person, die diese Website nutzt und die, sofern nicht anders angegeben, die betroffene Person ist.<\/p>\n<p><strong>Interessiert<\/strong><br \/>Die nat\u00fcrliche Person, auf die sich die pers\u00f6nlichen Daten beziehen.<\/p>\n<p><strong>Bearbeiter (oder Manager)<\/strong><br \/>Die nat\u00fcrliche Person, die juristische Person, die \u00f6ffentliche Verwaltung und jede andere Stelle, die personenbezogene Daten im Auftrag des f\u00fcr die Verarbeitung Verantwortlichen verarbeitet, wie in dieser Datenschutzrichtlinie dargelegt.<\/p>\n<p><strong>Data Controller (oder Eigent\u00fcmer)<\/strong><br \/>Die nat\u00fcrliche oder juristische Person, Beh\u00f6rde, Dienststelle oder sonstige Einrichtung, die allein oder gemeinsam mit anderen \u00fcber die Zwecke und Mittel der Verarbeitung personenbezogener Daten sowie \u00fcber die eingesetzten Instrumente, einschlie\u00dflich der Sicherheitsma\u00dfnahmen im Zusammenhang mit dem Betrieb und der Nutzung dieser Website, entscheidet. Der Datenverantwortliche ist, sofern nicht anders angegeben, der Eigent\u00fcmer dieser Website.<\/p>\n<p><strong>Diese Website (oder diese Anwendung)<\/strong><br \/>Das Hardware- oder Softwaretool, mit dem die pers\u00f6nlichen Daten der Benutzer gesammelt und verarbeitet werden.<\/p>\n<p><strong>Service<\/strong><br \/>Der von dieser Website angebotene Dienst, wie in den entsprechenden Bedingungen (falls vorhanden) auf dieser Website\/Anwendung definiert.<\/p>\n<p><strong>Europ\u00e4ische Union (oder EU)<\/strong><br \/>Sofern nicht anders angegeben, gilt jede Bezugnahme auf die Europ\u00e4ische Union in diesem Dokument als Bezugnahme auf alle derzeitigen Mitgliedstaaten der Europ\u00e4ischen Union und des Europ\u00e4ischen Wirtschaftsraums.<\/p>\n<p><strong>Cookies<\/strong><br \/>Ein kleiner Teil der Daten, die auf dem Ger\u00e4t des Benutzers gespeichert sind.<\/p>\n<p><strong>Rechtliche Hinweise<\/strong><br \/>Diese Datenschutzrichtlinie wurde auf der Grundlage mehrerer gesetzlicher Bestimmungen erstellt, darunter Artikel 13 und 14 der Verordnung (EU) 2016\/679.<br \/>Sofern nicht anders angegeben, bezieht sich diese Datenschutzrichtlinie ausschlie\u00dflich auf diese Website.<\/p>\n\t\t\t\t\t\t\t\t<\/div>\n\t\t\t\t<\/div>\n\t\t\t\t\t<\/div>\n\t\t<\/div>\n\t\t\t\t\t<\/div>\n\t\t<\/section>\n\t\t\t\t\t<\/div>\n\t\t<\/div>\n\t\t\t\t\t<\/div>\n\t\t<\/section>\n\t\t\t\t<\/div>\n\t\t","protected":false},"excerpt":{"rendered":"<p>COOKIE-POLITIK Cookies sind Codeteile, die im Browser installiert werden und den Controller bei der Bereitstellung des Dienstes zu den beschriebenen Zwecken unterst\u00fctzen. Einige der Zwecke der Installation von Cookies k\u00f6nnen auch die Zustimmung des Benutzers erfordern.Wenn Cookies auf der Grundlage einer Einwilligung installiert werden, kann diese Einwilligung jederzeit frei widerrufen werden, indem Sie die Anweisungen [&hellip;]<\/p>\n","protected":false},"author":170,"featured_media":0,"parent":0,"menu_order":0,"comment_status":"closed","ping_status":"closed","template":"","meta":{"_acf_changed":false,"_seopress_robots_primary_cat":"","_seopress_titles_title":"","_seopress_titles_desc":"","_seopress_robots_index":"","footnotes":""},"class_list":["post-18838","page","type-page","status-publish","hentry"],"acf":[],"jetpack_sharing_enabled":true,"_links":{"self":[{"href":"https:\/\/labirinto.ch\/de\/wp-json\/wp\/v2\/pages\/18838","targetHints":{"allow":["GET"]}}],"collection":[{"href":"https:\/\/labirinto.ch\/de\/wp-json\/wp\/v2\/pages"}],"about":[{"href":"https:\/\/labirinto.ch\/de\/wp-json\/wp\/v2\/types\/page"}],"author":[{"embeddable":true,"href":"https:\/\/labirinto.ch\/de\/wp-json\/wp\/v2\/users\/170"}],"replies":[{"embeddable":true,"href":"https:\/\/labirinto.ch\/de\/wp-json\/wp\/v2\/comments?post=18838"}],"version-history":[{"count":0,"href":"https:\/\/labirinto.ch\/de\/wp-json\/wp\/v2\/pages\/18838\/revisions"}],"wp:attachment":[{"href":"https:\/\/labirinto.ch\/de\/wp-json\/wp\/v2\/media?parent=18838"}],"curies":[{"name":"wp","href":"https:\/\/api.w.org\/{rel}","templated":true}]}}