{"id":19225,"date":"2024-04-09T18:26:11","date_gmt":"2024-04-09T16:26:11","guid":{"rendered":"https:\/\/labirinto.ch\/prodotto\/moma-sandalen-plateau-verschiedene-farben\/"},"modified":"2025-08-27T10:36:47","modified_gmt":"2025-08-27T08:36:47","slug":"moma-sandalen-plateau-verschiedene-farben","status":"publish","type":"product","link":"https:\/\/labirinto.ch\/de\/prodotto\/moma-sandalen-plateau-verschiedene-farben\/","title":{"rendered":"MOMA Sandalen Plateau verschiedene Farben"},"content":{"rendered":"","protected":false},"excerpt":{"rendered":"<p>Auch in Wei\u00df erh\u00e4ltlich 100% Leder Weich gepolstertes Fu\u00dfbett Gummisohle  <\/p>\n<div>Diesen Artikel finden Sie in der Boutique Il Filo d&#8217;Arianna<\/div>\n<div>F\u00fcr Informationen rufen Sie +41 091 751 12 60<\/div>\n","protected":false},"featured_media":18666,"comment_status":"open","ping_status":"closed","template":"","meta":{"_acf_changed":false,"_seopress_robots_primary_cat":"","_seopress_titles_title":"","_seopress_titles_desc":"","_seopress_robots_index":""},"product_brand":[],"product_cat":[537,529],"product_tag":[],"class_list":{"0":"post-19225","1":"product","2":"type-product","3":"status-publish","4":"has-post-thumbnail","6":"product_cat-hausschuhe","7":"product_cat-schuhe","8":"pa_brand-moma","10":"first","11":"instock","12":"sale","13":"shipping-taxable","14":"purchasable","15":"product-type-variable"},"exclude_global_add_ons":[],"addons":[],"acf":[],"jetpack_sharing_enabled":true,"_links":{"self":[{"href":"https:\/\/labirinto.ch\/de\/wp-json\/wp\/v2\/product\/19225","targetHints":{"allow":["GET"]}}],"collection":[{"href":"https:\/\/labirinto.ch\/de\/wp-json\/wp\/v2\/product"}],"about":[{"href":"https:\/\/labirinto.ch\/de\/wp-json\/wp\/v2\/types\/product"}],"replies":[{"embeddable":true,"href":"https:\/\/labirinto.ch\/de\/wp-json\/wp\/v2\/comments?post=19225"}],"wp:featuredmedia":[{"embeddable":true,"href":"https:\/\/labirinto.ch\/de\/wp-json\/wp\/v2\/media\/18666"}],"wp:attachment":[{"href":"https:\/\/labirinto.ch\/de\/wp-json\/wp\/v2\/media?parent=19225"}],"wp:term":[{"taxonomy":"product_brand","embeddable":true,"href":"https:\/\/labirinto.ch\/de\/wp-json\/wp\/v2\/product_brand?post=19225"},{"taxonomy":"product_cat","embeddable":true,"href":"https:\/\/labirinto.ch\/de\/wp-json\/wp\/v2\/product_cat?post=19225"},{"taxonomy":"product_tag","embeddable":true,"href":"https:\/\/labirinto.ch\/de\/wp-json\/wp\/v2\/product_tag?post=19225"}],"curies":[{"name":"wp","href":"https:\/\/api.w.org\/{rel}","templated":true}]}}