{"id":24265,"date":"2024-08-29T17:17:37","date_gmt":"2024-08-29T15:17:37","guid":{"rendered":"https:\/\/labirinto.ch\/prodotto\/annette-goertz-daunenjacke\/"},"modified":"2024-08-29T17:17:37","modified_gmt":"2024-08-29T15:17:37","slug":"annette-goertz-daunenjacke","status":"publish","type":"product","link":"https:\/\/labirinto.ch\/de\/prodotto\/annette-goertz-daunenjacke\/","title":{"rendered":"ANNETTE G\u00d6RTZ Daunenjacke"},"content":{"rendered":"","protected":false},"excerpt":{"rendered":"<p>Au\u00dfen 100% Polyester, F\u00fcllung 90% Federn, 10% Daunen  <\/p>\n<div>Diesen Artikel finden Sie in der Boutique Il Labirinto 1 floor<\/div>\n<div>F\u00fcr Informationen rufen Sie +41 79 735 91 70<\/div>\n","protected":false},"featured_media":24249,"comment_status":"open","ping_status":"closed","template":"","meta":{"_acf_changed":false,"_seopress_robots_primary_cat":"","_seopress_titles_title":"","_seopress_titles_desc":"","_seopress_robots_index":""},"product_brand":[],"product_cat":[519],"product_tag":[654,653,655,643],"class_list":{"0":"post-24265","1":"product","2":"type-product","3":"status-publish","4":"has-post-thumbnail","6":"product_cat-bekleidung","7":"product_tag-annette-de","8":"product_tag-daunenjacke","9":"product_tag-gortz-de","10":"product_tag-jacke","11":"pa_brand-annette_goertz","13":"first","14":"outofstock","15":"shipping-taxable","16":"purchasable","17":"product-type-variable"},"exclude_global_add_ons":[],"addons":[],"acf":[],"jetpack_sharing_enabled":true,"_links":{"self":[{"href":"https:\/\/labirinto.ch\/de\/wp-json\/wp\/v2\/product\/24265","targetHints":{"allow":["GET"]}}],"collection":[{"href":"https:\/\/labirinto.ch\/de\/wp-json\/wp\/v2\/product"}],"about":[{"href":"https:\/\/labirinto.ch\/de\/wp-json\/wp\/v2\/types\/product"}],"replies":[{"embeddable":true,"href":"https:\/\/labirinto.ch\/de\/wp-json\/wp\/v2\/comments?post=24265"}],"wp:featuredmedia":[{"embeddable":true,"href":"https:\/\/labirinto.ch\/de\/wp-json\/wp\/v2\/media\/24249"}],"wp:attachment":[{"href":"https:\/\/labirinto.ch\/de\/wp-json\/wp\/v2\/media?parent=24265"}],"wp:term":[{"taxonomy":"product_brand","embeddable":true,"href":"https:\/\/labirinto.ch\/de\/wp-json\/wp\/v2\/product_brand?post=24265"},{"taxonomy":"product_cat","embeddable":true,"href":"https:\/\/labirinto.ch\/de\/wp-json\/wp\/v2\/product_cat?post=24265"},{"taxonomy":"product_tag","embeddable":true,"href":"https:\/\/labirinto.ch\/de\/wp-json\/wp\/v2\/product_tag?post=24265"}],"curies":[{"name":"wp","href":"https:\/\/api.w.org\/{rel}","templated":true}]}}