{"id":25155,"date":"2024-09-26T17:58:08","date_gmt":"2024-09-26T15:58:08","guid":{"rendered":"https:\/\/labirinto.ch\/prodotto\/black-label-gepolsterte-weste\/"},"modified":"2024-09-26T17:58:08","modified_gmt":"2024-09-26T15:58:08","slug":"black-label-gepolsterte-weste","status":"publish","type":"product","link":"https:\/\/labirinto.ch\/de\/prodotto\/black-label-gepolsterte-weste\/","title":{"rendered":"BLACK LABEL Gepolsterte Weste"},"content":{"rendered":"","protected":false},"excerpt":{"rendered":"<p>Au\u00dfenseite: 100% Polyamid F\u00fcllung: 80% Federn, 20% Daunen Handw\u00e4sche  <\/p>\n<div>Dieser Artikel kann in der Boutique Il Labirinto gefunden werden<\/div>\n<div>F\u00fcr Informationen rufen Sie +41 91 751 12 60<\/div>\n","protected":false},"featured_media":25135,"comment_status":"closed","ping_status":"closed","template":"","meta":{"_acf_changed":false,"_seopress_robots_primary_cat":"","_seopress_titles_title":"","_seopress_titles_desc":"","_seopress_robots_index":""},"product_brand":[],"product_cat":[519],"product_tag":[],"class_list":{"0":"post-25155","1":"product","2":"type-product","3":"status-publish","4":"has-post-thumbnail","6":"product_cat-bekleidung","7":"pa_brand-black-label","9":"first","10":"outofstock","11":"shipping-taxable","12":"purchasable","13":"product-type-variable"},"exclude_global_add_ons":[],"addons":[],"acf":[],"jetpack_sharing_enabled":true,"_links":{"self":[{"href":"https:\/\/labirinto.ch\/de\/wp-json\/wp\/v2\/product\/25155","targetHints":{"allow":["GET"]}}],"collection":[{"href":"https:\/\/labirinto.ch\/de\/wp-json\/wp\/v2\/product"}],"about":[{"href":"https:\/\/labirinto.ch\/de\/wp-json\/wp\/v2\/types\/product"}],"replies":[{"embeddable":true,"href":"https:\/\/labirinto.ch\/de\/wp-json\/wp\/v2\/comments?post=25155"}],"wp:featuredmedia":[{"embeddable":true,"href":"https:\/\/labirinto.ch\/de\/wp-json\/wp\/v2\/media\/25135"}],"wp:attachment":[{"href":"https:\/\/labirinto.ch\/de\/wp-json\/wp\/v2\/media?parent=25155"}],"wp:term":[{"taxonomy":"product_brand","embeddable":true,"href":"https:\/\/labirinto.ch\/de\/wp-json\/wp\/v2\/product_brand?post=25155"},{"taxonomy":"product_cat","embeddable":true,"href":"https:\/\/labirinto.ch\/de\/wp-json\/wp\/v2\/product_cat?post=25155"},{"taxonomy":"product_tag","embeddable":true,"href":"https:\/\/labirinto.ch\/de\/wp-json\/wp\/v2\/product_tag?post=25155"}],"curies":[{"name":"wp","href":"https:\/\/api.w.org\/{rel}","templated":true}]}}