{"id":27939,"date":"2025-02-12T10:51:54","date_gmt":"2025-02-12T09:51:54","guid":{"rendered":"https:\/\/labirinto.ch\/prodotto\/faliero-sarti-foulard-stylist\/"},"modified":"2025-02-12T10:51:54","modified_gmt":"2025-02-12T09:51:54","slug":"faliero-sarti-foulard-stylist","status":"publish","type":"product","link":"https:\/\/labirinto.ch\/de\/prodotto\/faliero-sarti-foulard-stylist\/","title":{"rendered":"FALIERO SARTI Foulard-Stylist"},"content":{"rendered":"","protected":false},"excerpt":{"rendered":"<p>In Zusammenarbeit mit dem Museo del Tessuto di Prato - einer der f\u00fchrenden Institutionen in Europa, die sich der F\u00f6rderung antiker und zeitgen\u00f6ssischer Textilien widmet - wurde anl\u00e4sslich der Ausstellung &#8218;Walter Albini. Das Genie, der Designer&#8216;, wurde die Stylist Stola aus der Sammlung von Drucken und Originalentw\u00fcrfen des Designers, der die Geschichte des Made in Italy gepr\u00e4gt hat, kreiert.<\/p>\n<p>140 x 170 cm<\/p>\n<p>85% Modal, 15% Seide<\/p>\n<p>Hergestellt in Italien<\/p>\n<div>Dieser Artikel kann in der Boutique Il Labirinto gefunden werden<\/div>\n<div>Kontaktieren Sie uns bei Fragen <a href=\"tel:0041917511260\">+41 91 751 12 60<\/a><\/div>\n","protected":false},"featured_media":27922,"comment_status":"closed","ping_status":"closed","template":"","meta":{"_acf_changed":false,"_seopress_robots_primary_cat":"","_seopress_titles_title":"","_seopress_titles_desc":"","_seopress_robots_index":""},"product_brand":[],"product_cat":[669,525],"product_tag":[],"class_list":{"0":"post-27939","1":"product","2":"type-product","3":"status-publish","4":"has-post-thumbnail","6":"product_cat-foulards-de","7":"product_cat-zubehor","8":"pa_brand-faliero_sarti","10":"first","11":"instock","12":"sale","13":"shipping-taxable","14":"purchasable","15":"product-type-simple"},"exclude_global_add_ons":[],"addons":[],"acf":[],"jetpack_sharing_enabled":true,"_links":{"self":[{"href":"https:\/\/labirinto.ch\/de\/wp-json\/wp\/v2\/product\/27939","targetHints":{"allow":["GET"]}}],"collection":[{"href":"https:\/\/labirinto.ch\/de\/wp-json\/wp\/v2\/product"}],"about":[{"href":"https:\/\/labirinto.ch\/de\/wp-json\/wp\/v2\/types\/product"}],"replies":[{"embeddable":true,"href":"https:\/\/labirinto.ch\/de\/wp-json\/wp\/v2\/comments?post=27939"}],"wp:featuredmedia":[{"embeddable":true,"href":"https:\/\/labirinto.ch\/de\/wp-json\/wp\/v2\/media\/27922"}],"wp:attachment":[{"href":"https:\/\/labirinto.ch\/de\/wp-json\/wp\/v2\/media?parent=27939"}],"wp:term":[{"taxonomy":"product_brand","embeddable":true,"href":"https:\/\/labirinto.ch\/de\/wp-json\/wp\/v2\/product_brand?post=27939"},{"taxonomy":"product_cat","embeddable":true,"href":"https:\/\/labirinto.ch\/de\/wp-json\/wp\/v2\/product_cat?post=27939"},{"taxonomy":"product_tag","embeddable":true,"href":"https:\/\/labirinto.ch\/de\/wp-json\/wp\/v2\/product_tag?post=27939"}],"curies":[{"name":"wp","href":"https:\/\/api.w.org\/{rel}","templated":true}]}}