{"id":28743,"date":"2025-02-20T14:40:47","date_gmt":"2025-02-20T13:40:47","guid":{"rendered":"https:\/\/labirinto.ch\/prodotto\/peppino-peppino-jeans-mit-tasche\/"},"modified":"2025-02-20T14:40:47","modified_gmt":"2025-02-20T13:40:47","slug":"peppino-peppino-jeans-mit-tasche","status":"publish","type":"product","link":"https:\/\/labirinto.ch\/de\/prodotto\/peppino-peppino-jeans-mit-tasche\/","title":{"rendered":"PEPPINO PEPPINO Jeans mit Tasche"},"content":{"rendered":"","protected":false},"excerpt":{"rendered":"<p>Typ 21<\/p>\n<p>100% Baumwolle<\/p>\n<p>Waschen bei 30\u00b0C<\/p>\n<p>Hergestellt in Italien<\/p>\n<p>Gr\u00f6\u00dfentabelle in Bildern verf\u00fcgbar<\/p>\n<div>Dieser Artikel kann in der Boutique Il Labirinto gefunden werden<\/div>\n<div>Kontaktieren Sie uns bei Fragen +41 91 751 12 60<\/div>\n","protected":false},"featured_media":28718,"comment_status":"closed","ping_status":"closed","template":"","meta":{"_acf_changed":false,"_seopress_robots_primary_cat":"","_seopress_titles_title":"","_seopress_titles_desc":"","_seopress_robots_index":""},"product_brand":[],"product_cat":[519],"product_tag":[],"class_list":{"0":"post-28743","1":"product","2":"type-product","3":"status-publish","4":"has-post-thumbnail","6":"product_cat-bekleidung","7":"pa_brand-peppino-peppino","9":"first","10":"instock","11":"shipping-taxable","12":"purchasable","13":"product-type-variable"},"exclude_global_add_ons":[],"addons":[],"acf":[],"jetpack_sharing_enabled":true,"_links":{"self":[{"href":"https:\/\/labirinto.ch\/de\/wp-json\/wp\/v2\/product\/28743","targetHints":{"allow":["GET"]}}],"collection":[{"href":"https:\/\/labirinto.ch\/de\/wp-json\/wp\/v2\/product"}],"about":[{"href":"https:\/\/labirinto.ch\/de\/wp-json\/wp\/v2\/types\/product"}],"replies":[{"embeddable":true,"href":"https:\/\/labirinto.ch\/de\/wp-json\/wp\/v2\/comments?post=28743"}],"wp:featuredmedia":[{"embeddable":true,"href":"https:\/\/labirinto.ch\/de\/wp-json\/wp\/v2\/media\/28718"}],"wp:attachment":[{"href":"https:\/\/labirinto.ch\/de\/wp-json\/wp\/v2\/media?parent=28743"}],"wp:term":[{"taxonomy":"product_brand","embeddable":true,"href":"https:\/\/labirinto.ch\/de\/wp-json\/wp\/v2\/product_brand?post=28743"},{"taxonomy":"product_cat","embeddable":true,"href":"https:\/\/labirinto.ch\/de\/wp-json\/wp\/v2\/product_cat?post=28743"},{"taxonomy":"product_tag","embeddable":true,"href":"https:\/\/labirinto.ch\/de\/wp-json\/wp\/v2\/product_tag?post=28743"}],"curies":[{"name":"wp","href":"https:\/\/api.w.org\/{rel}","templated":true}]}}