{"id":31429,"date":"2025-06-11T10:59:29","date_gmt":"2025-06-11T08:59:29","guid":{"rendered":"https:\/\/labirinto.ch\/prodotto\/maria-calderara-impressum-halskette\/"},"modified":"2025-06-11T10:59:29","modified_gmt":"2025-06-11T08:59:29","slug":"maria-calderara-impressum-halskette","status":"publish","type":"product","link":"https:\/\/labirinto.ch\/de\/prodotto\/maria-calderara-impressum-halskette\/","title":{"rendered":"MARIA CALDERARA Impressum Halskette"},"content":{"rendered":"","protected":false},"excerpt":{"rendered":"<p>#TOUCH Kollektion der Modedesignerin Maria Calderara, inspiriert von den Werken des ber\u00fchmten K\u00fcnstlers Piero Manzoni.<\/p>\n<p>Der Schmuck von Maria Calderara wird in Venedig handgefertigt.<\/p>\n<p>Die Handwerker haben die Carmini School of Art besucht. Jedes St\u00fcck ist einzigartig und jede Unvollkommenheit ist Teil der Sch\u00f6nheit des Schmuckst\u00fccks. <\/p>\n<p>Material: Harz<\/p>\n<div>Diesen Artikel finden Sie in der Boutique Il Labirinto 1 floor<\/div>\n<div>Kontaktieren Sie uns bei Fragen <a href=\"tel:+41797359170\">+41 79 735 91 70<\/a><\/div>\n","protected":false},"featured_media":31422,"comment_status":"closed","ping_status":"closed","template":"","meta":{"_acf_changed":false,"_seopress_robots_primary_cat":"","_seopress_titles_title":"","_seopress_titles_desc":"","_seopress_robots_index":""},"product_brand":[],"product_cat":[525],"product_tag":[],"class_list":{"0":"post-31429","1":"product","2":"type-product","3":"status-publish","4":"has-post-thumbnail","6":"product_cat-zubehor","7":"pa_brand-maria-calderara","9":"first","10":"instock","11":"shipping-taxable","12":"purchasable","13":"product-type-simple"},"exclude_global_add_ons":[],"addons":[],"acf":[],"jetpack_sharing_enabled":true,"_links":{"self":[{"href":"https:\/\/labirinto.ch\/de\/wp-json\/wp\/v2\/product\/31429","targetHints":{"allow":["GET"]}}],"collection":[{"href":"https:\/\/labirinto.ch\/de\/wp-json\/wp\/v2\/product"}],"about":[{"href":"https:\/\/labirinto.ch\/de\/wp-json\/wp\/v2\/types\/product"}],"replies":[{"embeddable":true,"href":"https:\/\/labirinto.ch\/de\/wp-json\/wp\/v2\/comments?post=31429"}],"wp:featuredmedia":[{"embeddable":true,"href":"https:\/\/labirinto.ch\/de\/wp-json\/wp\/v2\/media\/31422"}],"wp:attachment":[{"href":"https:\/\/labirinto.ch\/de\/wp-json\/wp\/v2\/media?parent=31429"}],"wp:term":[{"taxonomy":"product_brand","embeddable":true,"href":"https:\/\/labirinto.ch\/de\/wp-json\/wp\/v2\/product_brand?post=31429"},{"taxonomy":"product_cat","embeddable":true,"href":"https:\/\/labirinto.ch\/de\/wp-json\/wp\/v2\/product_cat?post=31429"},{"taxonomy":"product_tag","embeddable":true,"href":"https:\/\/labirinto.ch\/de\/wp-json\/wp\/v2\/product_tag?post=31429"}],"curies":[{"name":"wp","href":"https:\/\/api.w.org\/{rel}","templated":true}]}}