{"id":32657,"date":"2025-09-24T17:50:04","date_gmt":"2025-09-24T15:50:04","guid":{"rendered":"https:\/\/labirinto.ch\/prodotto\/maria-calderara-halskette-6\/"},"modified":"2025-09-24T17:50:04","modified_gmt":"2025-09-24T15:50:04","slug":"maria-calderara-halskette-6","status":"publish","type":"product","link":"https:\/\/labirinto.ch\/de\/prodotto\/maria-calderara-halskette-6\/","title":{"rendered":"MARIA CALDERARA Halskette"},"content":{"rendered":"","protected":false},"excerpt":{"rendered":"<p>Der Schmuck von Maria Calderara wird in Venedig handgefertigt. Die Handwerker haben die Carmini School of Art besucht. Jedes St\u00fcck ist einzigartig und jede Unvollkommenheit ist Teil der Sch\u00f6nheit des Schmuckst\u00fccks. <\/p>\n<p>Handgefertigt in Italien<\/p>\n<div>Diesen Artikel finden Sie in der Boutique Il Labirinto 1 floor<\/div>\n<div>Kontaktieren Sie uns bei Fragen <a href=\"%2079%%2091%Tel:+41 20735 2070\">+41 79 735 91 70<\/a><\/div>\n","protected":false},"featured_media":32661,"comment_status":"closed","ping_status":"closed","template":"","meta":{"_acf_changed":false,"_seopress_robots_primary_cat":"","_seopress_titles_title":"","_seopress_titles_desc":"","_seopress_robots_index":""},"product_brand":[],"product_cat":[525],"product_tag":[],"class_list":{"0":"post-32657","1":"product","2":"type-product","3":"status-publish","4":"has-post-thumbnail","6":"product_cat-zubehor","7":"pa_brand-maria-calderara","9":"first","10":"outofstock","11":"shipping-taxable","12":"purchasable","13":"product-type-simple"},"exclude_global_add_ons":[],"addons":[],"acf":[],"jetpack_sharing_enabled":true,"_links":{"self":[{"href":"https:\/\/labirinto.ch\/de\/wp-json\/wp\/v2\/product\/32657","targetHints":{"allow":["GET"]}}],"collection":[{"href":"https:\/\/labirinto.ch\/de\/wp-json\/wp\/v2\/product"}],"about":[{"href":"https:\/\/labirinto.ch\/de\/wp-json\/wp\/v2\/types\/product"}],"replies":[{"embeddable":true,"href":"https:\/\/labirinto.ch\/de\/wp-json\/wp\/v2\/comments?post=32657"}],"wp:featuredmedia":[{"embeddable":true,"href":"https:\/\/labirinto.ch\/de\/wp-json\/wp\/v2\/media\/32661"}],"wp:attachment":[{"href":"https:\/\/labirinto.ch\/de\/wp-json\/wp\/v2\/media?parent=32657"}],"wp:term":[{"taxonomy":"product_brand","embeddable":true,"href":"https:\/\/labirinto.ch\/de\/wp-json\/wp\/v2\/product_brand?post=32657"},{"taxonomy":"product_cat","embeddable":true,"href":"https:\/\/labirinto.ch\/de\/wp-json\/wp\/v2\/product_cat?post=32657"},{"taxonomy":"product_tag","embeddable":true,"href":"https:\/\/labirinto.ch\/de\/wp-json\/wp\/v2\/product_tag?post=32657"}],"curies":[{"name":"wp","href":"https:\/\/api.w.org\/{rel}","templated":true}]}}