{"id":20386,"date":"2020-11-09T15:16:03","date_gmt":"2020-11-09T14:16:03","guid":{"rendered":"https:\/\/labirinto.ch\/a-propos-de-nous\/"},"modified":"2026-02-04T18:33:54","modified_gmt":"2026-02-04T17:33:54","slug":"a-propos-de-nous","status":"publish","type":"page","link":"https:\/\/labirinto.ch\/fr\/a-propos-de-nous\/","title":{"rendered":"A propos de nous"},"content":{"rendered":"\t\t<div data-elementor-type=\"wp-page\" data-elementor-id=\"20386\" class=\"elementor elementor-20386 elementor-405\" data-elementor-post-type=\"page\">\n\t\t\t\t<div class=\"elementor-element elementor-element-bd992d1 e-flex e-con-boxed e-con e-parent\" data-id=\"bd992d1\" data-element_type=\"container\" data-e-type=\"container\" data-settings=\"{&quot;jet_parallax_layout_list&quot;:[]}\">\n\t\t\t\t\t<div class=\"e-con-inner\">\n\t\t<div class=\"elementor-element elementor-element-efe9cc0 e-con-full e-flex e-con e-child\" data-id=\"efe9cc0\" data-element_type=\"container\" data-e-type=\"container\" data-settings=\"{&quot;jet_parallax_layout_list&quot;:[]}\">\n\t\t\t\t<div class=\"elementor-element elementor-element-ca22374 elementor-widget elementor-widget-heading\" data-id=\"ca22374\" data-element_type=\"widget\" data-e-type=\"widget\" data-widget_type=\"heading.default\">\n\t\t\t\t<div class=\"elementor-widget-container\">\n\t\t\t\t\t<h2 class=\"elementor-heading-title elementor-size-default\">About us<\/h2>\t\t\t\t<\/div>\n\t\t\t\t<\/div>\n\t\t\t\t<div class=\"elementor-element elementor-element-ec10561 elementor-widget elementor-widget-text-editor\" data-id=\"ec10561\" data-element_type=\"widget\" data-e-type=\"widget\" data-widget_type=\"text-editor.default\">\n\t\t\t\t<div class=\"elementor-widget-container\">\n\t\t\t\t\t\t\t\t\t<p>Benvenuti su <strong>Labirinto.ch<\/strong>, la boutique di moda di alta gamma dove ricerca, stile e qualit\u00e0 si incontrano.<\/p>\n<h5><strong>Dalla Passione per la Moda alla Boutique di Lusso<\/strong><\/h5>\n<p>Sono <strong>Franca Cattalani<\/strong>, fondatrice di <strong>Labirinto Boutique<\/strong>. La mia passione per la moda nasce presto: cresciuta in una famiglia italiana, ho imparato sin da piccola che l\u2019abbigliamento \u00e8 un linguaggio di stile, cura e attenzione. Negli anni Settanta, osservavo affascinata le mie sorelle nei loro abiti eleganti, ispirandomi a colori vivaci e silhouette uniche.<\/p>\n<p>A <strong>17 anni<\/strong>, il mio primo impiego nella storica boutique <strong>Fiorucci di Locarno<\/strong> ha segnato il mio percorso. Fiorucci, con il suo stile etnico e creativo, ha trasformato il mio modo di vedere la moda, affinando la mia ricerca per un abbigliamento che fosse espressione di personalit\u00e0 e originalit\u00e0.<\/p>\n<h5><strong>La Nascita di Labirinto Boutique<\/strong><\/h5>\n<p>Nel <strong>1984<\/strong>, gli stilisti giapponesi come <strong>Yohji Yamamoto, Comme des Gar\u00e7ons e Issey Miyake<\/strong> rivoluzionavano il mondo della moda con il loro inconfondibile stile avant-garde. Quella stessa energia innovativa mi ha spinto a realizzare il mio sogno: aprire la mia boutique.<\/p>\n<p>Nasce cos\u00ec <strong>Il Labirinto<\/strong>, un nome ispirato alla mitologia greca e al viaggio personale nella ricerca dello stile perfetto. La moda \u00e8, infatti, un percorso fatto di scelte, esplorazione e scoperta di s\u00e9.<\/p>\n<p>Nel <strong>1988<\/strong>, Labirinto si trasferisce in <strong>Via Cittadella<\/strong>, nel cuore storico di <strong>Locarno<\/strong>, un quartiere che nel tempo diventa un riferimento per lo shopping esclusivo. Qui, oltre a selezionare capi d\u2019abbigliamento di brand emergenti e stilisti indipendenti, collaboro con artisti, designer e artigiani per creare un ambiente unico e ispirazionale.<\/p>\n<h5><strong>Uno Stile Ricercato e Internazionale<\/strong><\/h5>\n<p>La filosofia di <strong>Labirinto Boutique<\/strong> \u00e8 chiara: offrire <strong>moda di lusso<\/strong>, con un\u2019attenzione particolare ai dettagli e alle produzioni di nicchia. I nostri <strong>brand esclusivi<\/strong> includono:<\/p>\n<p>ALBUM DI FAMIGLIA, ANNETTE G\u00d6RTZ, ANTIPAST, APUNTOB, AVANT TOI, BLACK LABEL, BOBOUTIC, FALIERO SARTI, FISSORE CASHMERE, GIORGIO BRATO, GRIZAS, HIDNANDER, HINDAHL &amp; SKUDELNY, KATHARINA HOVMAN, KRISTENSEN DU NORD, MAGLIFICIO PISANI, MAISON LENER, MAISON MARGIELA MM6, MARSELL, MASNADA, MIRANDA KALOUDIS, MOMA, MONTEREGGI, MOUCHE, NEIRAMI, PEPPINO PEPPINO, PRIVATSACHEN, PURO SECRET, RUNDHOLZ, RUNDHOLZ DIP, SAMANTHA SUNG, SHOTO, SOFIE D&rsquo;HOORE, SUSANNE BOMMER, TANDEM, TRANSIT, TRENCH&amp;COAT, UMA WANG, YOHJI YAMAMOTO.<\/p>\t\t\t\t\t\t\t\t<\/div>\n\t\t\t\t<\/div>\n\t\t\t\t<\/div>\n\t\t\t\t\t<\/div>\n\t\t\t\t<\/div>\n\t\t\t\t<section class=\"elementor-section elementor-top-section elementor-element elementor-element-7cc3034 elementor-section-boxed elementor-section-height-default elementor-section-height-default\" data-id=\"7cc3034\" data-element_type=\"section\" data-e-type=\"section\" data-settings=\"{&quot;jet_parallax_layout_list&quot;:[]}\">\n\t\t\t\t\t\t<div class=\"elementor-container elementor-column-gap-default\">\n\t\t\t\t\t<div class=\"elementor-column elementor-col-100 elementor-top-column elementor-element elementor-element-e42a3ce\" data-id=\"e42a3ce\" data-element_type=\"column\" data-e-type=\"column\">\n\t\t\t<div class=\"elementor-widget-wrap elementor-element-populated\">\n\t\t\t\t\t\t\t<\/div>\n\t\t<\/div>\n\t\t\t\t\t<\/div>\n\t\t<\/section>\n\t\t\t\t<\/div>\n\t\t","protected":false},"excerpt":{"rendered":"<p>About us Benvenuti su Labirinto.ch, la boutique di moda di alta gamma dove ricerca, stile e qualit\u00e0 si incontrano. Dalla Passione per la Moda alla Boutique di Lusso Sono Franca Cattalani, fondatrice di Labirinto Boutique. La mia passione per la moda nasce presto: cresciuta in una famiglia italiana, ho imparato sin da piccola che l\u2019abbigliamento [&hellip;]<\/p>\n","protected":false},"author":170,"featured_media":0,"parent":0,"menu_order":0,"comment_status":"closed","ping_status":"closed","template":"elementor_header_footer","meta":{"_acf_changed":false,"_seopress_robots_primary_cat":"","_seopress_titles_title":"Labirinto Boutique | Mode de luxe et marques exclusives Locarno","_seopress_titles_desc":"D\u00e9couvrez Labirinto Boutique, la mode de luxe \u00e0 Locarno. Des marques exclusives, un design sophistiqu\u00e9 et des achats en ligne pour un style unique et \u00e9l\u00e9gant. Visitez notre boutique !  ","_seopress_robots_index":"","footnotes":""},"class_list":["post-20386","page","type-page","status-publish","hentry"],"acf":[],"jetpack_sharing_enabled":true,"_links":{"self":[{"href":"https:\/\/labirinto.ch\/fr\/wp-json\/wp\/v2\/pages\/20386","targetHints":{"allow":["GET"]}}],"collection":[{"href":"https:\/\/labirinto.ch\/fr\/wp-json\/wp\/v2\/pages"}],"about":[{"href":"https:\/\/labirinto.ch\/fr\/wp-json\/wp\/v2\/types\/page"}],"author":[{"embeddable":true,"href":"https:\/\/labirinto.ch\/fr\/wp-json\/wp\/v2\/users\/170"}],"replies":[{"embeddable":true,"href":"https:\/\/labirinto.ch\/fr\/wp-json\/wp\/v2\/comments?post=20386"}],"version-history":[{"count":0,"href":"https:\/\/labirinto.ch\/fr\/wp-json\/wp\/v2\/pages\/20386\/revisions"}],"wp:attachment":[{"href":"https:\/\/labirinto.ch\/fr\/wp-json\/wp\/v2\/media?parent=20386"}],"curies":[{"name":"wp","href":"https:\/\/api.w.org\/{rel}","templated":true}]}}