{"id":20404,"date":"2020-11-17T09:48:49","date_gmt":"2020-11-17T08:48:49","guid":{"rendered":"https:\/\/labirinto.ch\/conditions-de-vente\/"},"modified":"2025-05-15T14:25:36","modified_gmt":"2025-05-15T12:25:36","slug":"conditions-de-vente","status":"publish","type":"page","link":"https:\/\/labirinto.ch\/fr\/conditions-de-vente\/","title":{"rendered":"CONDITIONS DE VENTE"},"content":{"rendered":"\t\t<div data-elementor-type=\"wp-page\" data-elementor-id=\"20404\" class=\"elementor elementor-20404 elementor-1141\" data-elementor-post-type=\"page\">\n\t\t\t\t\t\t<section class=\"elementor-section elementor-top-section elementor-element elementor-element-fe54247 elementor-section-boxed elementor-section-height-default elementor-section-height-default\" data-id=\"fe54247\" data-element_type=\"section\" data-e-type=\"section\" data-settings=\"{&quot;jet_parallax_layout_list&quot;:[]}\">\n\t\t\t\t\t\t<div class=\"elementor-container elementor-column-gap-default\">\n\t\t\t\t\t<div class=\"elementor-column elementor-col-100 elementor-top-column elementor-element elementor-element-19160ab\" data-id=\"19160ab\" data-element_type=\"column\" data-e-type=\"column\">\n\t\t\t<div class=\"elementor-widget-wrap elementor-element-populated\">\n\t\t\t\t\t\t<div class=\"elementor-element elementor-element-6bc2cc5 elementor-widget elementor-widget-heading\" data-id=\"6bc2cc5\" data-element_type=\"widget\" data-e-type=\"widget\" data-widget_type=\"heading.default\">\n\t\t\t\t<div class=\"elementor-widget-container\">\n\t\t\t\t\t<h2 class=\"elementor-heading-title elementor-size-default\">CONDITIONS DE VENTE<\/h2>\t\t\t\t<\/div>\n\t\t\t\t<\/div>\n\t\t\t\t\t<\/div>\n\t\t<\/div>\n\t\t\t\t\t<\/div>\n\t\t<\/section>\n\t\t\t\t<section class=\"elementor-section elementor-top-section elementor-element elementor-element-7cc3034 elementor-section-boxed elementor-section-height-default elementor-section-height-default\" data-id=\"7cc3034\" data-element_type=\"section\" data-e-type=\"section\" data-settings=\"{&quot;jet_parallax_layout_list&quot;:[]}\">\n\t\t\t\t\t\t<div class=\"elementor-container elementor-column-gap-default\">\n\t\t\t\t\t<div class=\"elementor-column elementor-col-100 elementor-top-column elementor-element elementor-element-e42a3ce\" data-id=\"e42a3ce\" data-element_type=\"column\" data-e-type=\"column\">\n\t\t\t<div class=\"elementor-widget-wrap elementor-element-populated\">\n\t\t\t\t\t\t<section class=\"elementor-section elementor-inner-section elementor-element elementor-element-7eaa94e elementor-section-boxed elementor-section-height-default elementor-section-height-default\" data-id=\"7eaa94e\" data-element_type=\"section\" data-e-type=\"section\" data-settings=\"{&quot;jet_parallax_layout_list&quot;:[]}\">\n\t\t\t\t\t\t<div class=\"elementor-container elementor-column-gap-default\">\n\t\t\t\t\t<div class=\"elementor-column elementor-col-100 elementor-inner-column elementor-element elementor-element-702199f\" data-id=\"702199f\" data-element_type=\"column\" data-e-type=\"column\">\n\t\t\t<div class=\"elementor-widget-wrap elementor-element-populated\">\n\t\t\t\t\t\t<div class=\"elementor-element elementor-element-0bdea73 elementor-widget elementor-widget-text-editor\" data-id=\"0bdea73\" data-element_type=\"widget\" data-e-type=\"widget\" data-widget_type=\"text-editor.default\">\n\t\t\t\t<div class=\"elementor-widget-container\">\n\t\t\t\t\t\t\t\t\t<p>CONDITIONS DE VENTE<\/p>\n<p>CONDITIONS G\u00c9N\u00c9RALES<\/p>\n<p>Les pr\u00e9sentes conditions g\u00e9n\u00e9rales s&rsquo;appliquent \u00e0 tous les achats effectu\u00e9s ou services demand\u00e9s via le site Labirinto.ch. Les offres de produits et services en ligne ne sont valables que si elles sont visibles sur le site et dans la limite des stocks disponibles. Les illustrations pr\u00e9sent\u00e9es sur le site sont fournies \u00e0 titre indicatif et ne sont en aucun cas contractuelles. Labirinto.ch d\u00e9cline toute responsabilit\u00e9 en cas d&rsquo;erreurs ou d&rsquo;inexactitudes li\u00e9es \u00e0 ces sch\u00e9mas, illustrations, explications, etc. dans les catalogues ou les fiches d&rsquo;information. Sous r\u00e9serve de modifications de prix et de mod\u00e8les ou d&rsquo;\u00e9ventuelles erreurs.    <\/p>\n<p>PRIX<\/p>\n<p>Les prix indiqu\u00e9s sur le site sont exclusivement en francs suisses, TVA et taxe anticip\u00e9e de recyclage (TAR) incluses. Ils ne comprennent pas les frais administratifs et les frais d&rsquo;exp\u00e9dition, qui sont factur\u00e9s s\u00e9par\u00e9ment. Le paiement de tous les articles et services command\u00e9s s&rsquo;effectue exclusivement en francs suisses. Labirinto.ch se r\u00e9serve le droit de modifier ses prix \u00e0 tout moment. Pour les produits command\u00e9s par les clients, ce sont toutefois les prix en vigueur au moment de la commande et indiqu\u00e9s dans la confirmation de commande qui s&rsquo;appliquent.    <\/p>\n<p>COMMANDE<\/p>\n<p>Une commande ne devient d\u00e9finitive qu&rsquo;apr\u00e8s avoir \u00e9t\u00e9 approuv\u00e9e par Labirinto.ch. En passant commande, le client accepte les pr\u00e9sentes conditions g\u00e9n\u00e9rales dans leur int\u00e9gralit\u00e9 et sans r\u00e9serve, \u00e0 l&rsquo;exclusion de toute autre disposition ou condition. Les autres conditions de vente en vigueur dans les magasins il Labirinto et il filo d&rsquo;Arianna notamment ne s&rsquo;appliquent pas aux commandes en ligne via le site. Labirinto.ch se r\u00e9serve le droit de refuser toute commande pass\u00e9e par un client.   <\/p>\n<p>LIVRAISON<\/p>\n<p>L&rsquo;exp\u00e9dition n&rsquo;est effectu\u00e9e que si l&rsquo;adresse de livraison se trouve en Suisse. Les frais d&rsquo;exp\u00e9dition sont principalement pris en charge par Labirinto.ch. Pour chaque commande, nous facturons au client un forfait de CHF 10.00 pour les frais d&rsquo;envoi. La marchandise est livr\u00e9e dans les trois jours suivant l&rsquo;achat en ligne (seuls les jours ouvrables sont pris en compte). Les clients sont inform\u00e9s que des retards d&rsquo;exp\u00e9dition peuvent survenir lors de promotions ou de ventes en magasin.    <\/p>\n<p>LES MODES DE PAIEMENT<\/p>\n<p>Sauf convention contraire, tous les produits, prestations et services sont payables avec les cartes de cr\u00e9dit suivantes : MasterCard, Visa, Post Card. Toutes les transactions de paiement ont lieu dans la zone s\u00e9curis\u00e9e du site. Les donn\u00e9es enregistr\u00e9es par Labirinto.ch servent de preuve pour toutes les transactions entre Labirinto.ch et ses clients. Les donn\u00e9es stock\u00e9es par le syst\u00e8me de paiement servent de base aux transactions financi\u00e8res.   <\/p>\n<p>REMPLACEMENT, RETOURS ET R\u00c9CLAMATIONS<\/p>\n<p>Conditions g\u00e9n\u00e9rales de retour : La marchandise doit \u00eatre retourn\u00e9e \u00e0 Labirinto.ch dans les 6 jours suivant la r\u00e9ception, dans l&#8217;emballage d&rsquo;origine et en indiquant le num\u00e9ro de contrat et le motif du retour. Il est imp\u00e9ratif de demander une autorisation de retour en envoyant la demande \u00e0 shop@labirinto.ch et en pr\u00e9cisant le num\u00e9ro de l&rsquo;article, si vous avez l&rsquo;intention de changer de taille ou de retourner le montant. Le fil de s\u00e9curit\u00e9 des articles retourn\u00e9s ne doit pas \u00eatre coup\u00e9 ou cass\u00e9. Les v\u00eatements ne doivent pas avoir \u00e9t\u00e9 port\u00e9s, lav\u00e9s ou modifi\u00e9s et ne doivent pas pr\u00e9senter de signes d&rsquo;utilisation ou d&rsquo;odeur particuli\u00e8re. Les semelles des chaussures doivent \u00eatre en parfait \u00e9tat et ne pr\u00e9senter aucune marque, faute de quoi nous nous r\u00e9servons le droit de refuser la marchandise retourn\u00e9e. Labirinto.ch se r\u00e9serve le droit de refuser les retours qui n&rsquo;ont pas \u00e9t\u00e9 autoris\u00e9s ou envoy\u00e9s conform\u00e9ment \u00e0 la politique de retour. En cas de retour d&rsquo;un article, les frais d&rsquo;envoi sont \u00e0 la charge du client.       Les produits soud\u00e9s ne peuvent plus \u00eatre \u00e9chang\u00e9s.<\/p>\n<p>CLAUSE DE R\u00c9SILIATION<\/p>\n<p>Si le client ne remplit pas l&rsquo;une de ses obligations, en tout ou en partie, ou s&rsquo;il ne respecte pas un d\u00e9lai de paiement, Labirinto.ch se r\u00e9serve le droit d&rsquo;exiger le paiement imm\u00e9diat de tous les montants impay\u00e9s, quelle que soit leur nature, d&rsquo;arr\u00eater toutes les livraisons en cours ou de r\u00e9silier le contrat en cours.<\/p>\n<p>DROIT APPLICABLE \/ LITIGES<\/p>\n<p>Le pr\u00e9sent contrat est soumis au droit suisse. Les pr\u00e9sentes conditions g\u00e9n\u00e9rales sont r\u00e9put\u00e9es accept\u00e9es lors de la commande des marchandises par l&rsquo;acheteur. Seule la soci\u00e9t\u00e9 peut apporter des modifications ou des compl\u00e9ments aux pr\u00e9sentes conditions g\u00e9n\u00e9rales. Ceux-ci doivent \u00e9galement \u00eatre faits par \u00e9crit.   <\/p>\t\t\t\t\t\t\t\t<\/div>\n\t\t\t\t<\/div>\n\t\t\t\t\t<\/div>\n\t\t<\/div>\n\t\t\t\t\t<\/div>\n\t\t<\/section>\n\t\t\t\t\t<\/div>\n\t\t<\/div>\n\t\t\t\t\t<\/div>\n\t\t<\/section>\n\t\t\t\t<\/div>\n\t\t","protected":false},"excerpt":{"rendered":"<p>CONDITIONS DE VENTE CONDITIONS DE VENTE CONDITIONS G\u00c9N\u00c9RALES Les pr\u00e9sentes conditions g\u00e9n\u00e9rales s&rsquo;appliquent \u00e0 tous les achats effectu\u00e9s ou services demand\u00e9s via le site Labirinto.ch. Les offres de produits et services en ligne ne sont valables que si elles sont visibles sur le site et dans la limite des stocks disponibles. Les illustrations pr\u00e9sent\u00e9es sur [&hellip;]<\/p>\n","protected":false},"author":170,"featured_media":0,"parent":0,"menu_order":0,"comment_status":"closed","ping_status":"closed","template":"","meta":{"_acf_changed":false,"_seopress_robots_primary_cat":"","_seopress_titles_title":"","_seopress_titles_desc":"","_seopress_robots_index":"","footnotes":""},"class_list":["post-20404","page","type-page","status-publish","hentry"],"acf":[],"jetpack_sharing_enabled":true,"_links":{"self":[{"href":"https:\/\/labirinto.ch\/fr\/wp-json\/wp\/v2\/pages\/20404","targetHints":{"allow":["GET"]}}],"collection":[{"href":"https:\/\/labirinto.ch\/fr\/wp-json\/wp\/v2\/pages"}],"about":[{"href":"https:\/\/labirinto.ch\/fr\/wp-json\/wp\/v2\/types\/page"}],"author":[{"embeddable":true,"href":"https:\/\/labirinto.ch\/fr\/wp-json\/wp\/v2\/users\/170"}],"replies":[{"embeddable":true,"href":"https:\/\/labirinto.ch\/fr\/wp-json\/wp\/v2\/comments?post=20404"}],"version-history":[{"count":0,"href":"https:\/\/labirinto.ch\/fr\/wp-json\/wp\/v2\/pages\/20404\/revisions"}],"wp:attachment":[{"href":"https:\/\/labirinto.ch\/fr\/wp-json\/wp\/v2\/media?parent=20404"}],"curies":[{"name":"wp","href":"https:\/\/api.w.org\/{rel}","templated":true}]}}