{"id":20420,"date":"2020-11-17T11:08:28","date_gmt":"2020-11-17T10:08:28","guid":{"rendered":"https:\/\/labirinto.ch\/politique-en-matiere-de-cookies\/"},"modified":"2024-07-24T15:44:26","modified_gmt":"2024-07-24T13:44:26","slug":"politique-en-matiere-de-cookies","status":"publish","type":"page","link":"https:\/\/labirinto.ch\/fr\/politique-en-matiere-de-cookies\/","title":{"rendered":"Politique en mati\u00e8re de cookies"},"content":{"rendered":"\t\t<div data-elementor-type=\"wp-page\" data-elementor-id=\"20420\" class=\"elementor elementor-20420 elementor-1201\" data-elementor-post-type=\"page\">\n\t\t\t\t\t\t<section class=\"elementor-section elementor-top-section elementor-element elementor-element-fe54247 elementor-section-boxed elementor-section-height-default elementor-section-height-default\" data-id=\"fe54247\" data-element_type=\"section\" data-e-type=\"section\" data-settings=\"{&quot;jet_parallax_layout_list&quot;:[]}\">\n\t\t\t\t\t\t<div class=\"elementor-container elementor-column-gap-default\">\n\t\t\t\t\t<div class=\"elementor-column elementor-col-100 elementor-top-column elementor-element elementor-element-19160ab\" data-id=\"19160ab\" data-element_type=\"column\" data-e-type=\"column\">\n\t\t\t<div class=\"elementor-widget-wrap elementor-element-populated\">\n\t\t\t\t\t\t<div class=\"elementor-element elementor-element-6bc2cc5 elementor-widget elementor-widget-heading\" data-id=\"6bc2cc5\" data-element_type=\"widget\" data-e-type=\"widget\" data-widget_type=\"heading.default\">\n\t\t\t\t<div class=\"elementor-widget-container\">\n\t\t\t\t\t<h2 class=\"elementor-heading-title elementor-size-default\">POLITIQUE EN MATI\u00c8RE DE COOKIES<\/h2>\t\t\t\t<\/div>\n\t\t\t\t<\/div>\n\t\t\t\t\t<\/div>\n\t\t<\/div>\n\t\t\t\t\t<\/div>\n\t\t<\/section>\n\t\t\t\t<section class=\"elementor-section elementor-top-section elementor-element elementor-element-7cc3034 elementor-section-boxed elementor-section-height-default elementor-section-height-default\" data-id=\"7cc3034\" data-element_type=\"section\" data-e-type=\"section\" data-settings=\"{&quot;jet_parallax_layout_list&quot;:[]}\">\n\t\t\t\t\t\t<div class=\"elementor-container elementor-column-gap-default\">\n\t\t\t\t\t<div class=\"elementor-column elementor-col-100 elementor-top-column elementor-element elementor-element-e42a3ce\" data-id=\"e42a3ce\" data-element_type=\"column\" data-e-type=\"column\">\n\t\t\t<div class=\"elementor-widget-wrap elementor-element-populated\">\n\t\t\t\t\t\t<section class=\"elementor-section elementor-inner-section elementor-element elementor-element-7eaa94e elementor-section-boxed elementor-section-height-default elementor-section-height-default\" data-id=\"7eaa94e\" data-element_type=\"section\" data-e-type=\"section\" data-settings=\"{&quot;jet_parallax_layout_list&quot;:[]}\">\n\t\t\t\t\t\t<div class=\"elementor-container elementor-column-gap-default\">\n\t\t\t\t\t<div class=\"elementor-column elementor-col-100 elementor-inner-column elementor-element elementor-element-702199f\" data-id=\"702199f\" data-element_type=\"column\" data-e-type=\"column\">\n\t\t\t<div class=\"elementor-widget-wrap elementor-element-populated\">\n\t\t\t\t\t\t<div class=\"elementor-element elementor-element-0bdea73 elementor-widget elementor-widget-text-editor\" data-id=\"0bdea73\" data-element_type=\"widget\" data-e-type=\"widget\" data-widget_type=\"text-editor.default\">\n\t\t\t\t<div class=\"elementor-widget-container\">\n\t\t\t\t\t\t\t\t\t<p>Les cookies sont des portions de code install\u00e9es \u00e0 l&rsquo;int\u00e9rieur du navigateur qui aident le contr\u00f4leur \u00e0 fournir le service conform\u00e9ment aux objectifs d\u00e9crits.<br \/>\n<br \/>Lorsque des cookies sont install\u00e9s sur la base d&rsquo;un consentement, celui-ci peut \u00eatre librement r\u00e9voqu\u00e9 \u00e0 tout moment en suivant les instructions contenues dans le pr\u00e9sent document.   <\/p>\n<h3>Contr\u00f4leur des donn\u00e9es<\/h3>\n<p>LABIRINTO.CH Via Cittadella 16 Adresse \u00e9lectronique du propri\u00e9taire :<a href=\"mailto:il@labirinto.ch\">il@labirinto.ch<\/a> <\/p>\n<h3>Cookies techniques et statistiques globales<\/h3>\n<p>A<strong>ctivit\u00e9s strictement n\u00e9cessaires au fonctionnement<\/strong> Ce site Web utilise des cookies pour sauvegarder la session de l&rsquo;utilisateur et pour effectuer d&rsquo;autres activit\u00e9s strictement n\u00e9cessaires au fonctionnement de ce site Web, par exemple en ce qui concerne la distribution du trafic.<\/p>\n<p>S<strong>auvegarde des pr\u00e9f\u00e9rences, optimisation et statistiques<\/strong> Ce site Internet utilise des cookies pour sauvegarder les pr\u00e9f\u00e9rences de navigation et optimiser l&rsquo;exp\u00e9rience de navigation de l&rsquo;utilisateur.<br \/>\nIl s&rsquo;agit, par exemple, des cookies de param\u00e9trage de la langue et de la devise ou de gestion des statistiques par le propri\u00e9taire du site. <\/p>\n<p>A<strong>utres types de cookies ou outils de tiers qui peuvent les installer<\/strong> Certains des services \u00e9num\u00e9r\u00e9s ci-dessous recueillent des statistiques sous forme agr\u00e9g\u00e9e et anonyme et peuvent ne pas n\u00e9cessiter le consentement de l&rsquo;Utilisateur ou peuvent \u00eatre g\u00e9r\u00e9s directement par le Propri\u00e9taire - en fonction de ce qui est d\u00e9crit - sans l&rsquo;aide de tiers. Si les outils \u00e9num\u00e9r\u00e9s ci-dessous comprennent des services g\u00e9r\u00e9s par des tiers, ceux-ci peuvent - en plus de ce qui est sp\u00e9cifi\u00e9 et \u00e9galement \u00e0 l&rsquo;insu du Propri\u00e9taire - effectuer des activit\u00e9s de suivi sur l&rsquo;Utilisateur.<br \/>\nPour obtenir des informations d\u00e9taill\u00e9es \u00e0 ce sujet, veuillez consulter les politiques de confidentialit\u00e9 des services mentionn\u00e9s. <\/p>\n<p>S<strong>tatistiques<\/strong> Les services contenus dans cette section permettent au responsable du traitement des donn\u00e9es de surveiller et d&rsquo;analyser les donn\u00e9es relatives au trafic et servent \u00e0 suivre le comportement de l&rsquo;utilisateur.<\/p>\n<p>Google Analytics <strong>(Google Inc.)<\/strong> Google Analytics est un service d&rsquo;analyse du Web fourni par Google Inc.<br \/>\n(\"Google\").<br \/>\nGoogle utilise les donn\u00e9es personnelles collect\u00e9es afin de suivre et d&rsquo;examiner l&rsquo;utilisation de ce site Web, de compiler des rapports et de les partager avec d&rsquo;autres services d\u00e9velopp\u00e9s par Google.<\/p>\n<p>Google peut utiliser les donn\u00e9es personnelles pour contextualiser et personnaliser les annonces sur son r\u00e9seau publicitaire. Donn\u00e9es personnelles collect\u00e9es : Cookies et donn\u00e9es d&rsquo;utilisation. Liste des cookies utilis\u00e9s :   <\/p>\n<ul>\n<li><strong>_ga<\/strong> - Cookie de suivi tiers (Google Analytics) utilis\u00e9 pour l&rsquo;analyse des visites.<br \/>\nDur\u00e9e : 2 ans. <\/li>\n<li><strong>_gat<\/strong> - Cookie de suivi tiers (Google Tag Manager) utilis\u00e9 pour l&rsquo;analyse des visites.<br \/>\nDur\u00e9e : 10 minutes. <\/li>\n<li><strong>_gid<\/strong> - Cookie de suivi tiers (Google Analytics) utilis\u00e9 pour l&rsquo;analyse des visites.<br \/>\nDur\u00e9e : 1 jour. <\/li>\n<\/ul>\n<p>Lieu de traitement : \u00c9tats-Unis - <a href=\"https:\/\/www.google.com\/intl\/it\/policies\/privacy\/\" target=\"_blank\" rel=\"noopener\">Politique de confidentialit\u00e9<\/a> - <a href=\"https:\/\/tools.google.com\/dlpage\/gaoptout?hl=it\" target=\"_blank\" rel=\"noopener\">Opt Out<\/a>.<br \/>\nAdh\u00e9rent au bouclier de protection de la vie priv\u00e9e. <\/p>\n<p>A<strong>ffichage de contenus provenant de plates-formes externes<\/strong> Ce type de service vous permet de visualiser des contenus h\u00e9berg\u00e9s sur des plates-formes externes directement \u00e0 partir des pages de ce site web et d&rsquo;interagir avec eux.<br \/>\nSi un service de ce type est install\u00e9, il est possible que, m\u00eame si les utilisateurs ne l&rsquo;utilisent pas, il recueille des donn\u00e9es de trafic relatives aux pages o\u00f9 il est install\u00e9. <\/p>\n<p>W<strong>idget Google Maps (Google Inc.)<\/strong> Google Maps est un service d&rsquo;affichage de cartes exploit\u00e9 par Google Inc. qui permet \u00e0 ce site Web d&rsquo;int\u00e9grer de tels contenus dans ses pages.<\/p>\n<p>qui permet \u00e0 ce site d&rsquo;int\u00e9grer de tels contenus dans ses pages. Donn\u00e9es personnelles collect\u00e9es : Cookies et donn\u00e9es d&rsquo;utilisation. Lieu de traitement : \u00c9tats-Unis -<a href=\"https:\/\/policies.google.com\/privacy?hl=it&amp;gl=it\" target=\"_blank\" rel=\"noopener\">Politique de confidentialit\u00e9<\/a>.<br \/>\nAdh\u00e9rent au bouclier de protection de la vie priv\u00e9e.  <\/p>\n<p>A<strong>ffichage de contenus provenant de plates-formes externes<\/strong> Ce type de service vous permet de visualiser des contenus h\u00e9berg\u00e9s sur des plates-formes externes directement \u00e0 partir des pages de ce site web et d&rsquo;interagir avec eux.<br \/>\nSi un service de ce type est install\u00e9, il est possible que, m\u00eame si les utilisateurs ne l&rsquo;utilisent pas, il recueille des donn\u00e9es de trafic relatives aux pages o\u00f9 il est install\u00e9. <\/p>\n<p>Y<strong>ouTube Video Widget (Google Inc.)<\/strong> YouTube est un service d&rsquo;affichage de contenu vid\u00e9o exploit\u00e9 par Google Inc. qui permet \u00e0 ce site Web d&rsquo;int\u00e9grer ce contenu dans ses pages.<\/p>\n<p>qui permet \u00e0 ce site Web d&rsquo;int\u00e9grer de tels contenus dans ses pages. Donn\u00e9es personnelles collect\u00e9es : Cookies et donn\u00e9es d&rsquo;utilisation. Lieu de traitement : \u00c9tats-Unis -<a href=\"https:\/\/policies.google.com\/privacy?hl=it&amp;gl=it\" target=\"_blank\" rel=\"noopener\">Politique de confidentialit\u00e9<\/a>.<br \/>\nAdh\u00e9rent au bouclier de protection de la vie priv\u00e9e.  <\/p>\n<p>Vid\u00e9o Vimeo <strong>(Vimeo, LLC)<\/strong> Vimeo est un service de visualisation de contenu vid\u00e9o exploit\u00e9 par Vimeo, LLC, qui permet \u00e0 ce site Web d&rsquo;int\u00e9grer ce contenu dans ses pages. Donn\u00e9es personnelles collect\u00e9es : Cookies et donn\u00e9es d&rsquo;utilisation. Lieu de traitement : \u00c9tats-Unis -<a href=\"https:\/\/vimeo.com\/privacy\" target=\"_blank\" rel=\"noopener\">Politique de confidentialit\u00e9<\/a>.<\/p>\n<p><strong>Comment puis-je consentir \u00e0 l&rsquo;installation de cookies ?<\/strong><br \/>Outre ce qui est indiqu\u00e9 dans le pr\u00e9sent document, vous pouvez g\u00e9rer vos pr\u00e9f\u00e9rences en mati\u00e8re de cookies directement dans votre navigateur et emp\u00eacher, par exemple, des tiers d&rsquo;installer des cookies.<br \/>\nVous pouvez \u00e9galement utiliser les pr\u00e9f\u00e9rences de votre navigateur pour supprimer les cookies que vous avez install\u00e9s dans le pass\u00e9, y compris tous les cookies dans lesquels vous avez enregistr\u00e9 votre consentement \u00e0 l&rsquo;installation de cookies par ce site web.<br \/>\nL&rsquo;utilisateur peut trouver des informations sur la mani\u00e8re de g\u00e9rer les cookies avec certains des navigateurs les plus populaires aux adresses suivantes, par exemple : <a href=\"https:\/\/support.google.com\/chrome\/answer\/95647?hl=it&amp;p=cpn_cookies\" target=\"_blank\" rel=\"noopener\">Google Chrome<\/a>, <a href=\"https:\/\/support.mozilla.org\/it\/kb\/Attivare%20e%20disattivare%20i%20cookie\" target=\"_blank\" rel=\"noopener\">Mozilla Firefox<\/a>, <a href=\"https:\/\/support.apple.com\/kb\/PH21411\" target=\"_blank\" rel=\"noopener\">Apple Safari<\/a> et <a href=\"http:\/\/windows.microsoft.com\/it-it\/windows-vista\/block-or-allow-cookies\" target=\"_blank\" rel=\"noopener\">Microsoft Internet Explorer<\/a>.  <br \/>En ce qui concerne les cookies install\u00e9s par des tiers, l&rsquo;utilisateur peut \u00e9galement g\u00e9rer ses param\u00e8tres et retirer son consentement en visitant le lien d&rsquo;exclusion correspondant (le cas \u00e9ch\u00e9ant), en utilisant les outils d\u00e9crits dans la politique de confidentialit\u00e9 du tiers ou en contactant directement le tiers.<br \/>Nonobstant ce qui pr\u00e9c\u00e8de, l&rsquo;utilisateur peut utiliser les informations fournies par<br \/>\n<a href=\"http:\/\/www.youronlinechoices.eu\/\" target=\"_blank\" rel=\"noopener\">EDAA<\/a> (UE), <a href=\"https:\/\/www.networkadvertising.org\/understanding-digital-advertising\" target=\"_blank\" rel=\"noopener\">Network Advertising Initiative<\/a> (USA) et <a href=\"https:\/\/www.aboutads.info\/consumers\/\" target=\"_blank\" rel=\"noopener\">Digital Advertising Alliance<\/a> (USA), <a href=\"https:\/\/youradchoices.ca\/understanding-online-advertising\/\" target=\"_blank\" rel=\"noopener\">DAAC<\/a> (Canada), <a href=\"http:\/\/www.ddai.info\/optout\" target=\"_blank\" rel=\"noopener\">DDAI<\/a> (Japon) ou d&rsquo;autres services similaires.<br \/>\nCes services permettent de g\u00e9rer les pr\u00e9f\u00e9rences de suivi de la plupart des outils publicitaires.<br \/>\n<br \/>Le Propri\u00e9taire conseille donc \u00e0 l&rsquo;Utilisateur d&rsquo;utiliser ces ressources en compl\u00e9ment des informations fournies par le pr\u00e9sent document. \u00c9tant donn\u00e9 que l&rsquo;installation de cookies et d&rsquo;autres syst\u00e8mes de tra\u00e7age par des tiers \u00e0 travers les services utilis\u00e9s dans ce site Web ne peut pas \u00eatre techniquement contr\u00f4l\u00e9e par le Propri\u00e9taire, toute r\u00e9f\u00e9rence sp\u00e9cifique aux cookies et aux syst\u00e8mes de tra\u00e7age install\u00e9s par des tiers doit \u00eatre consid\u00e9r\u00e9e comme indicative.<br \/>\n<br \/>Pour obtenir des informations compl\u00e8tes, l&rsquo;Utilisateur est invit\u00e9 \u00e0 consulter la politique de confidentialit\u00e9 des services de tiers \u00e9num\u00e9r\u00e9s dans ce document. \u00c9tant donn\u00e9 la complexit\u00e9 objective de l&rsquo;identification des technologies bas\u00e9es sur les cookies, l&rsquo;Utilisateur est invit\u00e9 \u00e0 contacter le Contr\u00f4leur des donn\u00e9es s&rsquo;il souhaite recevoir des informations suppl\u00e9mentaires sur l&rsquo;utilisation des cookies par l&rsquo;interm\u00e9diaire de ce site Web.    <\/p>\n<h2>D\u00e9finitions ou r\u00e9f\u00e9rences juridiques<\/h2>\n<p>Donn\u00e9es \u00e0 caract\u00e8re personnel <strong>(ou donn\u00e9es)<\/strong> Les donn\u00e9es \u00e0 caract\u00e8re personnel sont toutes les informations qui, directement ou indirectement, m\u00eame en conjonction avec d&rsquo;autres informations, y compris un num\u00e9ro d&rsquo;identification personnel, permettent d&rsquo;identifier ou de reconna\u00eetre une personne physique.<\/p>\n<p><strong>Donn\u00e9es d&rsquo;utilisation<\/strong><br \/>Il s&rsquo;agit des informations collect\u00e9es automatiquement par le biais de ce site web (y compris par les applications de tiers int\u00e9gr\u00e9es dans ce site web), notamment : les adresses IP ou les noms de domaine des ordinateurs utilis\u00e9s par l&rsquo;utilisateur qui se connecte \u00e0 ce site web, les adresses de notation URI (Uniform Resource Identifier), l&rsquo;heure de la demande, la m\u00e9thode utilis\u00e9e pour transmettre la demande au serveur, la taille du fichier obtenu en r\u00e9ponse, le code num\u00e9rique indiquant l&rsquo;\u00e9tat de la r\u00e9ponse du serveur (succ\u00e8s, erreur, etc.), le pays d&rsquo;origine, les caract\u00e9ristiques du navigateur et du syst\u00e8me d&rsquo;exploitation utilis\u00e9s par le visiteur, les diff\u00e9rentes connotations temporelles de la visite (par exemple, le temps pass\u00e9 sur chaque page) et les d\u00e9tails de l&rsquo;itin\u00e9raire suivi par l&rsquo;utilisateur.), le pays d&rsquo;origine, les caract\u00e9ristiques du navigateur et du syst\u00e8me d&rsquo;exploitation utilis\u00e9s par le visiteur, les diff\u00e9rentes connotations temporelles de la visite (par exemple le temps pass\u00e9 sur chaque page) et les d\u00e9tails de l&rsquo;itin\u00e9raire suivi au sein de l&rsquo;application, en particulier la s\u00e9quence des pages consult\u00e9es, les param\u00e8tres relatifs au syst\u00e8me d&rsquo;exploitation et \u00e0 l&rsquo;environnement informatique de l&rsquo;utilisateur.<\/p>\n<p>U<strong>tilisateur<\/strong> La personne qui utilise ce site web et qui, sauf indication contraire, co\u00efncide avec la personne concern\u00e9e.<\/p>\n<p>P<strong>ersonne concern\u00e9e<\/strong> La personne physique \u00e0 laquelle se r\u00e9f\u00e8rent les donn\u00e9es \u00e0 caract\u00e8re personnel.<\/p>\n<p>C<strong>ontr\u00f4leur des donn\u00e9es (ou sous-traitant)<\/strong> La personne physique, la personne morale, l&rsquo;administration publique et toute autre entit\u00e9 qui traite des donn\u00e9es \u00e0 caract\u00e8re personnel pour le compte du contr\u00f4leur, comme indiqu\u00e9 dans la pr\u00e9sente politique de protection de la vie priv\u00e9e.<\/p>\n<p>C<strong>ontr\u00f4leur des donn\u00e9es (ou propri\u00e9taire)<\/strong> Personne physique ou morale, autorit\u00e9 publique, service ou autre organisme qui, individuellement ou conjointement avec d&rsquo;autres, d\u00e9termine les finalit\u00e9s et les moyens du traitement des donn\u00e9es \u00e0 caract\u00e8re personnel ainsi que les instruments adopt\u00e9s, y compris les mesures de s\u00e9curit\u00e9 relatives au fonctionnement et \u00e0 l&rsquo;utilisation de ce site web.<br \/>\nLe contr\u00f4leur des donn\u00e9es, sauf indication contraire, est le propri\u00e9taire de ce site web. <\/p>\n<p>Ce <strong>site web (ou cette application)<\/strong> L&rsquo;outil mat\u00e9riel ou logiciel par lequel les donn\u00e9es personnelles des utilisateurs sont collect\u00e9es et trait\u00e9es.<\/p>\n<p>S<strong>ervice<\/strong> Le service fourni par ce site Web, tel que d\u00e9fini dans les conditions pertinentes (le cas \u00e9ch\u00e9ant) sur ce site\/cette application.<\/p>\n<p>Union europ\u00e9enne <strong>(ou UE)<\/strong> Sauf indication contraire, toute r\u00e9f\u00e9rence \u00e0 l&rsquo;Union europ\u00e9enne dans le pr\u00e9sent document est r\u00e9put\u00e9e s&rsquo;\u00e9tendre \u00e0 tous les \u00c9tats membres actuels de l&rsquo;Union europ\u00e9enne et de l&rsquo;Espace \u00e9conomique europ\u00e9en.<\/p>\n<p>C<strong>ookie<\/strong> Petit \u00e9l\u00e9ment de donn\u00e9es stock\u00e9 sur l&rsquo;appareil de l&rsquo;utilisateur.<\/p>\n<p>R<strong>\u00e9f\u00e9rences juridiques<\/strong> La pr\u00e9sente politique de confidentialit\u00e9 est r\u00e9dig\u00e9e sur la base de multiples ordonnances l\u00e9gislatives, notamment les articles 13 et 14 du r\u00e8glement (UE) 2016\/679. Sauf indication contraire, la pr\u00e9sente politique de confidentialit\u00e9 ne concerne que ce site Web.<\/p>\n\t\t\t\t\t\t\t\t<\/div>\n\t\t\t\t<\/div>\n\t\t\t\t\t<\/div>\n\t\t<\/div>\n\t\t\t\t\t<\/div>\n\t\t<\/section>\n\t\t\t\t\t<\/div>\n\t\t<\/div>\n\t\t\t\t\t<\/div>\n\t\t<\/section>\n\t\t\t\t<\/div>\n\t\t","protected":false},"excerpt":{"rendered":"<p>POLITIQUE EN MATI\u00c8RE DE COOKIES Les cookies sont des portions de code install\u00e9es \u00e0 l&rsquo;int\u00e9rieur du navigateur qui aident le contr\u00f4leur \u00e0 fournir le service conform\u00e9ment aux objectifs d\u00e9crits. Lorsque des cookies sont install\u00e9s sur la base d&rsquo;un consentement, celui-ci peut \u00eatre librement r\u00e9voqu\u00e9 \u00e0 tout moment en suivant les instructions contenues dans le pr\u00e9sent [&hellip;]<\/p>\n","protected":false},"author":170,"featured_media":0,"parent":0,"menu_order":0,"comment_status":"closed","ping_status":"closed","template":"","meta":{"_acf_changed":false,"_seopress_robots_primary_cat":"","_seopress_titles_title":"","_seopress_titles_desc":"","_seopress_robots_index":"","footnotes":""},"class_list":["post-20420","page","type-page","status-publish","hentry"],"acf":[],"jetpack_sharing_enabled":true,"_links":{"self":[{"href":"https:\/\/labirinto.ch\/fr\/wp-json\/wp\/v2\/pages\/20420","targetHints":{"allow":["GET"]}}],"collection":[{"href":"https:\/\/labirinto.ch\/fr\/wp-json\/wp\/v2\/pages"}],"about":[{"href":"https:\/\/labirinto.ch\/fr\/wp-json\/wp\/v2\/types\/page"}],"author":[{"embeddable":true,"href":"https:\/\/labirinto.ch\/fr\/wp-json\/wp\/v2\/users\/170"}],"replies":[{"embeddable":true,"href":"https:\/\/labirinto.ch\/fr\/wp-json\/wp\/v2\/comments?post=20420"}],"version-history":[{"count":0,"href":"https:\/\/labirinto.ch\/fr\/wp-json\/wp\/v2\/pages\/20420\/revisions"}],"wp:attachment":[{"href":"https:\/\/labirinto.ch\/fr\/wp-json\/wp\/v2\/media?parent=20420"}],"curies":[{"name":"wp","href":"https:\/\/api.w.org\/{rel}","templated":true}]}}