{"id":20845,"date":"2024-03-07T17:07:02","date_gmt":"2024-03-07T16:07:02","guid":{"rendered":"https:\/\/labirinto.ch\/prodotto\/family-album-bag\/"},"modified":"2024-03-07T17:07:02","modified_gmt":"2024-03-07T16:07:02","slug":"family-album-bag","status":"publish","type":"product","link":"https:\/\/labirinto.ch\/fr\/prodotto\/family-album-bag\/","title":{"rendered":"FAMILY ALBUM Bag"},"content":{"rendered":"","protected":false},"excerpt":{"rendered":"<p>84% coton, 11% m\u00e9tal, 4% \u00e9lasthanne, 1% polyamide Lavage \u00e0 30\u00b0C Fabriqu\u00e9 en Italie  <\/p>\n<div>Cet article est disponible sur le site de la boutique Il Labirinto<\/div>\n<div>Pour plus d&rsquo;informations, appelez le +41 079 735 91 70<\/div>\n","protected":false},"featured_media":20846,"comment_status":"closed","ping_status":"closed","template":"","meta":{"_acf_changed":false,"_seopress_robots_primary_cat":"","_seopress_titles_title":"","_seopress_titles_desc":"","_seopress_robots_index":""},"product_brand":[],"product_cat":[585,586],"product_tag":[],"class_list":{"0":"post-20845","1":"product","2":"type-product","3":"status-publish","4":"has-post-thumbnail","6":"product_cat-accessoires","7":"product_cat-sacs","8":"pa_brand-album-di-famiglia","10":"first","11":"outofstock","12":"sale","13":"shipping-taxable","14":"purchasable","15":"product-type-simple"},"exclude_global_add_ons":[],"addons":[],"acf":[],"jetpack_sharing_enabled":true,"_links":{"self":[{"href":"https:\/\/labirinto.ch\/fr\/wp-json\/wp\/v2\/product\/20845","targetHints":{"allow":["GET"]}}],"collection":[{"href":"https:\/\/labirinto.ch\/fr\/wp-json\/wp\/v2\/product"}],"about":[{"href":"https:\/\/labirinto.ch\/fr\/wp-json\/wp\/v2\/types\/product"}],"replies":[{"embeddable":true,"href":"https:\/\/labirinto.ch\/fr\/wp-json\/wp\/v2\/comments?post=20845"}],"wp:featuredmedia":[{"embeddable":true,"href":"https:\/\/labirinto.ch\/fr\/wp-json\/wp\/v2\/media\/20846"}],"wp:attachment":[{"href":"https:\/\/labirinto.ch\/fr\/wp-json\/wp\/v2\/media?parent=20845"}],"wp:term":[{"taxonomy":"product_brand","embeddable":true,"href":"https:\/\/labirinto.ch\/fr\/wp-json\/wp\/v2\/product_brand?post=20845"},{"taxonomy":"product_cat","embeddable":true,"href":"https:\/\/labirinto.ch\/fr\/wp-json\/wp\/v2\/product_cat?post=20845"},{"taxonomy":"product_tag","embeddable":true,"href":"https:\/\/labirinto.ch\/fr\/wp-json\/wp\/v2\/product_tag?post=20845"}],"curies":[{"name":"wp","href":"https:\/\/api.w.org\/{rel}","templated":true}]}}