{"id":21296,"date":"2024-02-01T09:36:40","date_gmt":"2024-02-01T08:36:40","guid":{"rendered":"https:\/\/labirinto.ch\/prodotto\/shoto-bottines-legeres\/"},"modified":"2024-08-28T15:24:41","modified_gmt":"2024-08-28T13:24:41","slug":"shoto-bottines-legeres","status":"publish","type":"product","link":"https:\/\/labirinto.ch\/fr\/prodotto\/shoto-bottines-legeres\/","title":{"rendered":"SHOTO Bottines l\u00e9g\u00e8res"},"content":{"rendered":"","protected":false},"excerpt":{"rendered":"<p>100% cuir v\u00e9ritable Fabriqu\u00e9 en Italie  <\/p>\n<div>Cet article est disponible \u00e0 la boutique Il Filo d&rsquo;Arianna<\/div>\n<div>Pour plus d&rsquo;informations, appelez le +41 091 751 12 60<\/div>\n","protected":false},"featured_media":21297,"comment_status":"open","ping_status":"closed","template":"","meta":{"_acf_changed":false,"_seopress_robots_primary_cat":"","_seopress_titles_title":"","_seopress_titles_desc":"","_seopress_robots_index":""},"product_brand":[],"product_cat":[603,561],"product_tag":[],"class_list":{"0":"post-21296","1":"product","2":"type-product","3":"status-publish","4":"has-post-thumbnail","6":"product_cat-bottes","7":"product_cat-chaussures","8":"pa_brand-shoto","10":"first","11":"instock","12":"shipping-taxable","13":"purchasable","14":"product-type-variable"},"exclude_global_add_ons":[],"addons":[],"acf":[],"jetpack_sharing_enabled":true,"_links":{"self":[{"href":"https:\/\/labirinto.ch\/fr\/wp-json\/wp\/v2\/product\/21296","targetHints":{"allow":["GET"]}}],"collection":[{"href":"https:\/\/labirinto.ch\/fr\/wp-json\/wp\/v2\/product"}],"about":[{"href":"https:\/\/labirinto.ch\/fr\/wp-json\/wp\/v2\/types\/product"}],"replies":[{"embeddable":true,"href":"https:\/\/labirinto.ch\/fr\/wp-json\/wp\/v2\/comments?post=21296"}],"wp:featuredmedia":[{"embeddable":true,"href":"https:\/\/labirinto.ch\/fr\/wp-json\/wp\/v2\/media\/21297"}],"wp:attachment":[{"href":"https:\/\/labirinto.ch\/fr\/wp-json\/wp\/v2\/media?parent=21296"}],"wp:term":[{"taxonomy":"product_brand","embeddable":true,"href":"https:\/\/labirinto.ch\/fr\/wp-json\/wp\/v2\/product_brand?post=21296"},{"taxonomy":"product_cat","embeddable":true,"href":"https:\/\/labirinto.ch\/fr\/wp-json\/wp\/v2\/product_cat?post=21296"},{"taxonomy":"product_tag","embeddable":true,"href":"https:\/\/labirinto.ch\/fr\/wp-json\/wp\/v2\/product_tag?post=21296"}],"curies":[{"name":"wp","href":"https:\/\/api.w.org\/{rel}","templated":true}]}}