{"id":21446,"date":"2023-11-23T15:51:32","date_gmt":"2023-11-23T14:51:32","guid":{"rendered":"https:\/\/labirinto.ch\/prodotto\/pull-boboutic\/"},"modified":"2024-09-24T10:26:50","modified_gmt":"2024-09-24T08:26:50","slug":"pull-boboutic","status":"publish","type":"product","link":"https:\/\/labirinto.ch\/fr\/prodotto\/pull-boboutic\/","title":{"rendered":"Pull BOBOUTIC"},"content":{"rendered":"","protected":false},"excerpt":{"rendered":"<p>Couleur : anthracite 51% laine, 23% polyamide, 21% yak, 5% \u00e9lasthanne Lavage \u00e0 la main Fabriqu\u00e9 en Italie<\/p>\n","protected":false},"featured_media":0,"comment_status":"open","ping_status":"closed","template":"","meta":{"_acf_changed":false,"_seopress_robots_primary_cat":"","_seopress_titles_title":"","_seopress_titles_desc":"","_seopress_robots_index":""},"product_brand":[],"product_cat":[565],"product_tag":[],"class_list":{"0":"post-21446","1":"product","2":"type-product","3":"status-publish","5":"product_cat-vetements","6":"pa_brand-boboutic","8":"first","9":"outofstock","10":"shipping-taxable","11":"purchasable","12":"product-type-variable"},"exclude_global_add_ons":[],"addons":[],"acf":[],"jetpack_sharing_enabled":true,"_links":{"self":[{"href":"https:\/\/labirinto.ch\/fr\/wp-json\/wp\/v2\/product\/21446","targetHints":{"allow":["GET"]}}],"collection":[{"href":"https:\/\/labirinto.ch\/fr\/wp-json\/wp\/v2\/product"}],"about":[{"href":"https:\/\/labirinto.ch\/fr\/wp-json\/wp\/v2\/types\/product"}],"replies":[{"embeddable":true,"href":"https:\/\/labirinto.ch\/fr\/wp-json\/wp\/v2\/comments?post=21446"}],"wp:attachment":[{"href":"https:\/\/labirinto.ch\/fr\/wp-json\/wp\/v2\/media?parent=21446"}],"wp:term":[{"taxonomy":"product_brand","embeddable":true,"href":"https:\/\/labirinto.ch\/fr\/wp-json\/wp\/v2\/product_brand?post=21446"},{"taxonomy":"product_cat","embeddable":true,"href":"https:\/\/labirinto.ch\/fr\/wp-json\/wp\/v2\/product_cat?post=21446"},{"taxonomy":"product_tag","embeddable":true,"href":"https:\/\/labirinto.ch\/fr\/wp-json\/wp\/v2\/product_tag?post=21446"}],"curies":[{"name":"wp","href":"https:\/\/api.w.org\/{rel}","templated":true}]}}