{"id":21473,"date":"2023-10-28T14:25:25","date_gmt":"2023-10-28T12:25:25","guid":{"rendered":"https:\/\/labirinto.ch\/prodotto\/yohji-yamamoto-veste\/"},"modified":"2023-10-28T14:25:25","modified_gmt":"2023-10-28T12:25:25","slug":"yohji-yamamoto-veste","status":"publish","type":"product","link":"https:\/\/labirinto.ch\/fr\/prodotto\/yohji-yamamoto-veste\/","title":{"rendered":"YOHJI YAMAMOTO Veste"},"content":{"rendered":"","protected":false},"excerpt":{"rendered":"<p>Mod\u00e8le : FJ-J60-107-1-01 Ext\u00e9rieur : 60% laine, 30% polyester, 5% nylon, 3% acrylique, 2% rayonne Doublure : 100% cupro Fabriqu\u00e9 au Japon  <\/p>\n<div>Cet article est disponible sur le site de la boutique Il Labirinto<\/div>\n<div>Pour plus d&rsquo;informations, appelez le +41 079 735 91 70<\/div>\n<div><\/div>\n<div>Entre les photos, vous trouverez le tableau avec la correspondance des tailles.<\/div>\n","protected":false},"featured_media":0,"comment_status":"open","ping_status":"closed","template":"","meta":{"_acf_changed":false,"_seopress_robots_primary_cat":"","_seopress_titles_title":"","_seopress_titles_desc":"","_seopress_robots_index":""},"product_brand":[],"product_cat":[565],"product_tag":[],"class_list":{"0":"post-21473","1":"product","2":"type-product","3":"status-publish","5":"product_cat-vetements","6":"pa_brand-yohji-yamamoto","8":"first","9":"outofstock","10":"shipping-taxable","11":"purchasable","12":"product-type-variable"},"exclude_global_add_ons":[],"addons":[],"acf":[],"jetpack_sharing_enabled":true,"_links":{"self":[{"href":"https:\/\/labirinto.ch\/fr\/wp-json\/wp\/v2\/product\/21473","targetHints":{"allow":["GET"]}}],"collection":[{"href":"https:\/\/labirinto.ch\/fr\/wp-json\/wp\/v2\/product"}],"about":[{"href":"https:\/\/labirinto.ch\/fr\/wp-json\/wp\/v2\/types\/product"}],"replies":[{"embeddable":true,"href":"https:\/\/labirinto.ch\/fr\/wp-json\/wp\/v2\/comments?post=21473"}],"wp:attachment":[{"href":"https:\/\/labirinto.ch\/fr\/wp-json\/wp\/v2\/media?parent=21473"}],"wp:term":[{"taxonomy":"product_brand","embeddable":true,"href":"https:\/\/labirinto.ch\/fr\/wp-json\/wp\/v2\/product_brand?post=21473"},{"taxonomy":"product_cat","embeddable":true,"href":"https:\/\/labirinto.ch\/fr\/wp-json\/wp\/v2\/product_cat?post=21473"},{"taxonomy":"product_tag","embeddable":true,"href":"https:\/\/labirinto.ch\/fr\/wp-json\/wp\/v2\/product_tag?post=21473"}],"curies":[{"name":"wp","href":"https:\/\/api.w.org\/{rel}","templated":true}]}}