{"id":21548,"date":"2023-10-16T10:27:44","date_gmt":"2023-10-16T08:27:44","guid":{"rendered":"https:\/\/labirinto.ch\/prodotto\/hidnander-baskets-argentees\/"},"modified":"2025-02-19T15:38:46","modified_gmt":"2025-02-19T14:38:46","slug":"hidnander-baskets-argentees","status":"publish","type":"product","link":"https:\/\/labirinto.ch\/fr\/prodotto\/hidnander-baskets-argentees\/","title":{"rendered":"HIDNANDER Baskets argent\u00e9es"},"content":{"rendered":"","protected":false},"excerpt":{"rendered":"<p>ext\u00e9rieur en cuir v\u00e9ritable int\u00e9rieur en polaire douce 100% polyamide<\/p>\n<p>Fabriqu\u00e9 en Italie<\/p>\n<div>Cet article est disponible sur le site de la boutique Il Labirinto<\/div>\n<div>Pour plus d&rsquo;informations, appelez le +41 079 735 91 70<\/div>\n","protected":false},"featured_media":0,"comment_status":"open","ping_status":"closed","template":"","meta":{"_acf_changed":false,"_seopress_robots_primary_cat":"","_seopress_titles_title":"","_seopress_titles_desc":"","_seopress_robots_index":""},"product_brand":[],"product_cat":[561],"product_tag":[],"class_list":{"0":"post-21548","1":"product","2":"type-product","3":"status-publish","5":"product_cat-chaussures","6":"pa_brand-hidnander","8":"first","9":"outofstock","10":"shipping-taxable","11":"product-type-variable"},"exclude_global_add_ons":[],"addons":[],"acf":[],"jetpack_sharing_enabled":true,"_links":{"self":[{"href":"https:\/\/labirinto.ch\/fr\/wp-json\/wp\/v2\/product\/21548","targetHints":{"allow":["GET"]}}],"collection":[{"href":"https:\/\/labirinto.ch\/fr\/wp-json\/wp\/v2\/product"}],"about":[{"href":"https:\/\/labirinto.ch\/fr\/wp-json\/wp\/v2\/types\/product"}],"replies":[{"embeddable":true,"href":"https:\/\/labirinto.ch\/fr\/wp-json\/wp\/v2\/comments?post=21548"}],"wp:attachment":[{"href":"https:\/\/labirinto.ch\/fr\/wp-json\/wp\/v2\/media?parent=21548"}],"wp:term":[{"taxonomy":"product_brand","embeddable":true,"href":"https:\/\/labirinto.ch\/fr\/wp-json\/wp\/v2\/product_brand?post=21548"},{"taxonomy":"product_cat","embeddable":true,"href":"https:\/\/labirinto.ch\/fr\/wp-json\/wp\/v2\/product_cat?post=21548"},{"taxonomy":"product_tag","embeddable":true,"href":"https:\/\/labirinto.ch\/fr\/wp-json\/wp\/v2\/product_tag?post=21548"}],"curies":[{"name":"wp","href":"https:\/\/api.w.org\/{rel}","templated":true}]}}