{"id":21809,"date":"2023-07-27T16:04:02","date_gmt":"2023-07-27T14:04:02","guid":{"rendered":"https:\/\/labirinto.ch\/prodotto\/robe-uma-wang\/"},"modified":"2023-07-27T16:04:02","modified_gmt":"2023-07-27T14:04:02","slug":"robe-uma-wang","status":"publish","type":"product","link":"https:\/\/labirinto.ch\/fr\/prodotto\/robe-uma-wang\/","title":{"rendered":"Robe UMA WANG"},"content":{"rendered":"","protected":false},"excerpt":{"rendered":"<p>94% soie, 6% \u00e9lasthanne Lavage \u00e0 la main Fabriqu\u00e9 en Italie  <\/p>\n<div>Cet article est disponible sur le site de la boutique Il Labirinto.<\/div>\n<div>Pour plus d&rsquo;informations, appelez le +41 079 735 91 70<\/div>\n","protected":false},"featured_media":0,"comment_status":"open","ping_status":"closed","template":"","meta":{"_acf_changed":false,"_seopress_robots_primary_cat":"","_seopress_titles_title":"","_seopress_titles_desc":"","_seopress_robots_index":""},"product_brand":[],"product_cat":[565],"product_tag":[],"class_list":{"0":"post-21809","1":"product","2":"type-product","3":"status-publish","5":"product_cat-vetements","6":"pa_brand-uma-wang","8":"first","9":"instock","10":"shipping-taxable","11":"purchasable","12":"product-type-variable"},"exclude_global_add_ons":[],"addons":[],"acf":[],"jetpack_sharing_enabled":true,"_links":{"self":[{"href":"https:\/\/labirinto.ch\/fr\/wp-json\/wp\/v2\/product\/21809","targetHints":{"allow":["GET"]}}],"collection":[{"href":"https:\/\/labirinto.ch\/fr\/wp-json\/wp\/v2\/product"}],"about":[{"href":"https:\/\/labirinto.ch\/fr\/wp-json\/wp\/v2\/types\/product"}],"replies":[{"embeddable":true,"href":"https:\/\/labirinto.ch\/fr\/wp-json\/wp\/v2\/comments?post=21809"}],"wp:attachment":[{"href":"https:\/\/labirinto.ch\/fr\/wp-json\/wp\/v2\/media?parent=21809"}],"wp:term":[{"taxonomy":"product_brand","embeddable":true,"href":"https:\/\/labirinto.ch\/fr\/wp-json\/wp\/v2\/product_brand?post=21809"},{"taxonomy":"product_cat","embeddable":true,"href":"https:\/\/labirinto.ch\/fr\/wp-json\/wp\/v2\/product_cat?post=21809"},{"taxonomy":"product_tag","embeddable":true,"href":"https:\/\/labirinto.ch\/fr\/wp-json\/wp\/v2\/product_tag?post=21809"}],"curies":[{"name":"wp","href":"https:\/\/api.w.org\/{rel}","templated":true}]}}