{"id":22097,"date":"2023-01-12T16:58:32","date_gmt":"2023-01-12T15:58:32","guid":{"rendered":"https:\/\/labirinto.ch\/prodotto\/moma-amphibiens\/"},"modified":"2023-01-12T16:58:32","modified_gmt":"2023-01-12T15:58:32","slug":"moma-amphibiens","status":"publish","type":"product","link":"https:\/\/labirinto.ch\/fr\/prodotto\/moma-amphibiens\/","title":{"rendered":"MOMA Amphibiens"},"content":{"rendered":"","protected":false},"excerpt":{"rendered":"<p>couleur : asphalte 100% cuir v\u00e9ritable Fabriqu\u00e9 \u00e0 la main en Italie<\/p>\n","protected":false},"featured_media":0,"comment_status":"open","ping_status":"closed","template":"","meta":{"_acf_changed":false,"_seopress_robots_primary_cat":"","_seopress_titles_title":"","_seopress_titles_desc":"","_seopress_robots_index":""},"product_brand":[],"product_cat":[561],"product_tag":[],"class_list":{"0":"post-22097","1":"product","2":"type-product","3":"status-publish","5":"product_cat-chaussures","6":"pa_brand-moma","8":"first","9":"instock","10":"sale","11":"shipping-taxable","12":"purchasable","13":"product-type-variable"},"exclude_global_add_ons":[],"addons":[],"acf":[],"jetpack_sharing_enabled":true,"_links":{"self":[{"href":"https:\/\/labirinto.ch\/fr\/wp-json\/wp\/v2\/product\/22097","targetHints":{"allow":["GET"]}}],"collection":[{"href":"https:\/\/labirinto.ch\/fr\/wp-json\/wp\/v2\/product"}],"about":[{"href":"https:\/\/labirinto.ch\/fr\/wp-json\/wp\/v2\/types\/product"}],"replies":[{"embeddable":true,"href":"https:\/\/labirinto.ch\/fr\/wp-json\/wp\/v2\/comments?post=22097"}],"wp:attachment":[{"href":"https:\/\/labirinto.ch\/fr\/wp-json\/wp\/v2\/media?parent=22097"}],"wp:term":[{"taxonomy":"product_brand","embeddable":true,"href":"https:\/\/labirinto.ch\/fr\/wp-json\/wp\/v2\/product_brand?post=22097"},{"taxonomy":"product_cat","embeddable":true,"href":"https:\/\/labirinto.ch\/fr\/wp-json\/wp\/v2\/product_cat?post=22097"},{"taxonomy":"product_tag","embeddable":true,"href":"https:\/\/labirinto.ch\/fr\/wp-json\/wp\/v2\/product_tag?post=22097"}],"curies":[{"name":"wp","href":"https:\/\/api.w.org\/{rel}","templated":true}]}}