{"id":22139,"date":"2022-11-03T14:42:37","date_gmt":"2022-11-03T13:42:37","guid":{"rendered":"https:\/\/labirinto.ch\/prodotto\/marsell-bottines\/"},"modified":"2024-10-24T09:58:04","modified_gmt":"2024-10-24T07:58:04","slug":"marsell-bottines","status":"publish","type":"product","link":"https:\/\/labirinto.ch\/fr\/prodotto\/marsell-bottines\/","title":{"rendered":"MARS\u00c8LL Bottines"},"content":{"rendered":"","protected":false},"excerpt":{"rendered":"<p>couleur : bleu nuit 100% daim v\u00e9ritable Semelle en caoutchouc Fabriqu\u00e9 en Italie<\/p>\n","protected":false},"featured_media":0,"comment_status":"closed","ping_status":"closed","template":"","meta":{"_acf_changed":false,"_seopress_robots_primary_cat":"","_seopress_titles_title":"","_seopress_titles_desc":"","_seopress_robots_index":""},"product_brand":[],"product_cat":[561],"product_tag":[],"class_list":{"0":"post-22139","1":"product","2":"type-product","3":"status-publish","5":"product_cat-chaussures","6":"pa_brand-marsell","8":"first","9":"outofstock","10":"sale","11":"shipping-taxable","12":"purchasable","13":"product-type-variable"},"exclude_global_add_ons":[],"addons":[],"acf":[],"jetpack_sharing_enabled":true,"_links":{"self":[{"href":"https:\/\/labirinto.ch\/fr\/wp-json\/wp\/v2\/product\/22139","targetHints":{"allow":["GET"]}}],"collection":[{"href":"https:\/\/labirinto.ch\/fr\/wp-json\/wp\/v2\/product"}],"about":[{"href":"https:\/\/labirinto.ch\/fr\/wp-json\/wp\/v2\/types\/product"}],"replies":[{"embeddable":true,"href":"https:\/\/labirinto.ch\/fr\/wp-json\/wp\/v2\/comments?post=22139"}],"wp:attachment":[{"href":"https:\/\/labirinto.ch\/fr\/wp-json\/wp\/v2\/media?parent=22139"}],"wp:term":[{"taxonomy":"product_brand","embeddable":true,"href":"https:\/\/labirinto.ch\/fr\/wp-json\/wp\/v2\/product_brand?post=22139"},{"taxonomy":"product_cat","embeddable":true,"href":"https:\/\/labirinto.ch\/fr\/wp-json\/wp\/v2\/product_cat?post=22139"},{"taxonomy":"product_tag","embeddable":true,"href":"https:\/\/labirinto.ch\/fr\/wp-json\/wp\/v2\/product_tag?post=22139"}],"curies":[{"name":"wp","href":"https:\/\/api.w.org\/{rel}","templated":true}]}}