{"id":22171,"date":"2022-08-18T10:03:06","date_gmt":"2022-08-18T08:03:06","guid":{"rendered":"https:\/\/labirinto.ch\/prodotto\/bottes-moma\/"},"modified":"2022-08-18T10:03:06","modified_gmt":"2022-08-18T08:03:06","slug":"bottes-moma","status":"publish","type":"product","link":"https:\/\/labirinto.ch\/fr\/prodotto\/bottes-moma\/","title":{"rendered":"Bottes MOMA"},"content":{"rendered":"","protected":false},"excerpt":{"rendered":"<p>couleur : asphalte cuir v\u00e9ritable semelle super l\u00e9g\u00e8re Fabriqu\u00e9 en Italie<\/p>\n","protected":false},"featured_media":0,"comment_status":"open","ping_status":"closed","template":"","meta":{"_acf_changed":false,"_seopress_robots_primary_cat":"","_seopress_titles_title":"","_seopress_titles_desc":"","_seopress_robots_index":""},"product_brand":[],"product_cat":[561],"product_tag":[],"class_list":{"0":"post-22171","1":"product","2":"type-product","3":"status-publish","5":"product_cat-chaussures","6":"pa_brand-moma","8":"first","9":"outofstock","10":"shipping-taxable","11":"purchasable","12":"product-type-variable"},"exclude_global_add_ons":[],"addons":[],"acf":[],"jetpack_sharing_enabled":true,"_links":{"self":[{"href":"https:\/\/labirinto.ch\/fr\/wp-json\/wp\/v2\/product\/22171","targetHints":{"allow":["GET"]}}],"collection":[{"href":"https:\/\/labirinto.ch\/fr\/wp-json\/wp\/v2\/product"}],"about":[{"href":"https:\/\/labirinto.ch\/fr\/wp-json\/wp\/v2\/types\/product"}],"replies":[{"embeddable":true,"href":"https:\/\/labirinto.ch\/fr\/wp-json\/wp\/v2\/comments?post=22171"}],"wp:attachment":[{"href":"https:\/\/labirinto.ch\/fr\/wp-json\/wp\/v2\/media?parent=22171"}],"wp:term":[{"taxonomy":"product_brand","embeddable":true,"href":"https:\/\/labirinto.ch\/fr\/wp-json\/wp\/v2\/product_brand?post=22171"},{"taxonomy":"product_cat","embeddable":true,"href":"https:\/\/labirinto.ch\/fr\/wp-json\/wp\/v2\/product_cat?post=22171"},{"taxonomy":"product_tag","embeddable":true,"href":"https:\/\/labirinto.ch\/fr\/wp-json\/wp\/v2\/product_tag?post=22171"}],"curies":[{"name":"wp","href":"https:\/\/api.w.org\/{rel}","templated":true}]}}