{"id":22213,"date":"2021-12-27T16:30:03","date_gmt":"2021-12-27T15:30:03","guid":{"rendered":"https:\/\/labirinto.ch\/prodotto\/moma-amphibiens-2\/"},"modified":"2021-12-27T16:30:03","modified_gmt":"2021-12-27T15:30:03","slug":"moma-amphibiens-2","status":"publish","type":"product","link":"https:\/\/labirinto.ch\/fr\/prodotto\/moma-amphibiens-2\/","title":{"rendered":"MOMA Amphibiens"},"content":{"rendered":"","protected":false},"excerpt":{"rendered":"<p>100% cuir v\u00e9ritable Fabriqu\u00e9 \u00e0 la main en Italie Cet article est disponible \u00e0 la boutique Il Filo d&rsquo;Arianna.<br \/>\nPour plus d&rsquo;informations, appelez le +41 091 751 44 68. <\/p>\n","protected":false},"featured_media":0,"comment_status":"open","ping_status":"closed","template":"","meta":{"_acf_changed":false,"_seopress_robots_primary_cat":"","_seopress_titles_title":"","_seopress_titles_desc":"","_seopress_robots_index":""},"product_brand":[],"product_cat":[561],"product_tag":[],"class_list":{"0":"post-22213","1":"product","2":"type-product","3":"status-publish","5":"product_cat-chaussures","6":"pa_brand-moma","8":"first","9":"instock","10":"sale","11":"shipping-taxable","12":"purchasable","13":"product-type-variable"},"exclude_global_add_ons":[],"addons":[],"acf":[],"jetpack_sharing_enabled":true,"_links":{"self":[{"href":"https:\/\/labirinto.ch\/fr\/wp-json\/wp\/v2\/product\/22213","targetHints":{"allow":["GET"]}}],"collection":[{"href":"https:\/\/labirinto.ch\/fr\/wp-json\/wp\/v2\/product"}],"about":[{"href":"https:\/\/labirinto.ch\/fr\/wp-json\/wp\/v2\/types\/product"}],"replies":[{"embeddable":true,"href":"https:\/\/labirinto.ch\/fr\/wp-json\/wp\/v2\/comments?post=22213"}],"wp:attachment":[{"href":"https:\/\/labirinto.ch\/fr\/wp-json\/wp\/v2\/media?parent=22213"}],"wp:term":[{"taxonomy":"product_brand","embeddable":true,"href":"https:\/\/labirinto.ch\/fr\/wp-json\/wp\/v2\/product_brand?post=22213"},{"taxonomy":"product_cat","embeddable":true,"href":"https:\/\/labirinto.ch\/fr\/wp-json\/wp\/v2\/product_cat?post=22213"},{"taxonomy":"product_tag","embeddable":true,"href":"https:\/\/labirinto.ch\/fr\/wp-json\/wp\/v2\/product_tag?post=22213"}],"curies":[{"name":"wp","href":"https:\/\/api.w.org\/{rel}","templated":true}]}}