{"id":23085,"date":"2024-06-27T14:53:16","date_gmt":"2024-06-27T12:53:16","guid":{"rendered":"https:\/\/labirinto.ch\/prodotto\/annette-gortz-robe\/"},"modified":"2024-06-27T14:53:16","modified_gmt":"2024-06-27T12:53:16","slug":"annette-gortz-robe","status":"publish","type":"product","link":"https:\/\/labirinto.ch\/fr\/prodotto\/annette-gortz-robe\/","title":{"rendered":"ANNETTE G\u00d6RTZ Robe"},"content":{"rendered":"","protected":false},"excerpt":{"rendered":"<p>100% fil de papier Les fils de papier procurent un effet rafra\u00eechissant en \u00e9t\u00e9 et de la chaleur en hiver.<br \/>\nLes fils de papier du Japon \u00e9taient historiquement utilis\u00e9s pour les v\u00eatements des samoura\u00efs.<br \/>\nLavage \u00e0 30\u00b0C Fabriqu\u00e9 en Pologne    <\/p>\n<div>Cet article est disponible sur le site de la boutique Il Labirinto<\/div>\n<div>Pour plus d&rsquo;informations, appelez le +41 079 735 91 70<\/div>\n","protected":false},"featured_media":23089,"comment_status":"open","ping_status":"closed","template":"","meta":{"_acf_changed":false,"_seopress_robots_primary_cat":"","_seopress_titles_title":"","_seopress_titles_desc":"","_seopress_robots_index":""},"product_brand":[],"product_cat":[570,565],"product_tag":[],"class_list":{"0":"post-23085","1":"product","2":"type-product","3":"status-publish","4":"has-post-thumbnail","6":"product_cat-robes","7":"product_cat-vetements","8":"pa_brand-annette_goertz","10":"first","11":"instock","12":"shipping-taxable","13":"purchasable","14":"product-type-variable"},"exclude_global_add_ons":[],"addons":[],"acf":[],"jetpack_sharing_enabled":true,"_links":{"self":[{"href":"https:\/\/labirinto.ch\/fr\/wp-json\/wp\/v2\/product\/23085","targetHints":{"allow":["GET"]}}],"collection":[{"href":"https:\/\/labirinto.ch\/fr\/wp-json\/wp\/v2\/product"}],"about":[{"href":"https:\/\/labirinto.ch\/fr\/wp-json\/wp\/v2\/types\/product"}],"replies":[{"embeddable":true,"href":"https:\/\/labirinto.ch\/fr\/wp-json\/wp\/v2\/comments?post=23085"}],"wp:featuredmedia":[{"embeddable":true,"href":"https:\/\/labirinto.ch\/fr\/wp-json\/wp\/v2\/media\/23089"}],"wp:attachment":[{"href":"https:\/\/labirinto.ch\/fr\/wp-json\/wp\/v2\/media?parent=23085"}],"wp:term":[{"taxonomy":"product_brand","embeddable":true,"href":"https:\/\/labirinto.ch\/fr\/wp-json\/wp\/v2\/product_brand?post=23085"},{"taxonomy":"product_cat","embeddable":true,"href":"https:\/\/labirinto.ch\/fr\/wp-json\/wp\/v2\/product_cat?post=23085"},{"taxonomy":"product_tag","embeddable":true,"href":"https:\/\/labirinto.ch\/fr\/wp-json\/wp\/v2\/product_tag?post=23085"}],"curies":[{"name":"wp","href":"https:\/\/api.w.org\/{rel}","templated":true}]}}