{"id":25152,"date":"2024-09-26T17:58:08","date_gmt":"2024-09-26T15:58:08","guid":{"rendered":"https:\/\/labirinto.ch\/prodotto\/black-label-gilet-matelasse\/"},"modified":"2024-09-26T17:58:08","modified_gmt":"2024-09-26T15:58:08","slug":"black-label-gilet-matelasse","status":"publish","type":"product","link":"https:\/\/labirinto.ch\/fr\/prodotto\/black-label-gilet-matelasse\/","title":{"rendered":"BLACK LABEL Gilet matelass\u00e9"},"content":{"rendered":"","protected":false},"excerpt":{"rendered":"<p>Ext\u00e9rieur : 100% polyamide Rembourrage : 80% plumes, 20% duvet Lavage \u00e0 la main  <\/p>\n<div>Cet article est disponible sur le site de la boutique Il Labirinto<\/div>\n<div>Pour plus d&rsquo;informations, appelez le +41 91 751 12 60<\/div>\n","protected":false},"featured_media":25134,"comment_status":"closed","ping_status":"closed","template":"","meta":{"_acf_changed":false,"_seopress_robots_primary_cat":"","_seopress_titles_title":"","_seopress_titles_desc":"","_seopress_robots_index":""},"product_brand":[],"product_cat":[565],"product_tag":[],"class_list":{"0":"post-25152","1":"product","2":"type-product","3":"status-publish","4":"has-post-thumbnail","6":"product_cat-vetements","7":"pa_brand-black-label","9":"first","10":"outofstock","11":"shipping-taxable","12":"purchasable","13":"product-type-variable"},"exclude_global_add_ons":[],"addons":[],"acf":[],"jetpack_sharing_enabled":true,"_links":{"self":[{"href":"https:\/\/labirinto.ch\/fr\/wp-json\/wp\/v2\/product\/25152","targetHints":{"allow":["GET"]}}],"collection":[{"href":"https:\/\/labirinto.ch\/fr\/wp-json\/wp\/v2\/product"}],"about":[{"href":"https:\/\/labirinto.ch\/fr\/wp-json\/wp\/v2\/types\/product"}],"replies":[{"embeddable":true,"href":"https:\/\/labirinto.ch\/fr\/wp-json\/wp\/v2\/comments?post=25152"}],"wp:featuredmedia":[{"embeddable":true,"href":"https:\/\/labirinto.ch\/fr\/wp-json\/wp\/v2\/media\/25134"}],"wp:attachment":[{"href":"https:\/\/labirinto.ch\/fr\/wp-json\/wp\/v2\/media?parent=25152"}],"wp:term":[{"taxonomy":"product_brand","embeddable":true,"href":"https:\/\/labirinto.ch\/fr\/wp-json\/wp\/v2\/product_brand?post=25152"},{"taxonomy":"product_cat","embeddable":true,"href":"https:\/\/labirinto.ch\/fr\/wp-json\/wp\/v2\/product_cat?post=25152"},{"taxonomy":"product_tag","embeddable":true,"href":"https:\/\/labirinto.ch\/fr\/wp-json\/wp\/v2\/product_tag?post=25152"}],"curies":[{"name":"wp","href":"https:\/\/api.w.org\/{rel}","templated":true}]}}