{"id":26213,"date":"2024-11-07T16:03:22","date_gmt":"2024-11-07T15:03:22","guid":{"rendered":"https:\/\/labirinto.ch\/prodotto\/annette-gortz-pantalon-palace\/"},"modified":"2024-11-06T12:36:23","modified_gmt":"2024-11-06T11:36:23","slug":"annette-gortz-pantalon-palace","status":"publish","type":"product","link":"https:\/\/labirinto.ch\/fr\/prodotto\/annette-gortz-pantalon-palace\/","title":{"rendered":"ANNETTE G\u00d6RTZ Pantalon Palace"},"content":{"rendered":"","protected":false},"excerpt":{"rendered":"<p>88% Nylon, 22% \u00e9lasthanne Lavage \u00e0 30\u00b0C Fabriqu\u00e9 en Pologne<\/p>\n<div>Cet article se trouve dans la boutique Il Labirinto 1 floor<\/div>\n<div>Contactez-nous pour toute question +41 79 735 91 70<\/div>\n","protected":false},"featured_media":26202,"comment_status":"closed","ping_status":"closed","template":"","meta":{"_acf_changed":false,"_seopress_robots_primary_cat":"","_seopress_titles_title":"","_seopress_titles_desc":"","_seopress_robots_index":""},"product_brand":[],"product_cat":[565],"product_tag":[],"class_list":{"0":"post-26213","1":"product","2":"type-product","3":"status-publish","4":"has-post-thumbnail","6":"product_cat-vetements","7":"pa_brand-annette_goertz","9":"first","10":"outofstock","11":"shipping-taxable","12":"purchasable","13":"product-type-variable"},"exclude_global_add_ons":[],"addons":[],"acf":[],"jetpack_sharing_enabled":true,"_links":{"self":[{"href":"https:\/\/labirinto.ch\/fr\/wp-json\/wp\/v2\/product\/26213","targetHints":{"allow":["GET"]}}],"collection":[{"href":"https:\/\/labirinto.ch\/fr\/wp-json\/wp\/v2\/product"}],"about":[{"href":"https:\/\/labirinto.ch\/fr\/wp-json\/wp\/v2\/types\/product"}],"replies":[{"embeddable":true,"href":"https:\/\/labirinto.ch\/fr\/wp-json\/wp\/v2\/comments?post=26213"}],"wp:featuredmedia":[{"embeddable":true,"href":"https:\/\/labirinto.ch\/fr\/wp-json\/wp\/v2\/media\/26202"}],"wp:attachment":[{"href":"https:\/\/labirinto.ch\/fr\/wp-json\/wp\/v2\/media?parent=26213"}],"wp:term":[{"taxonomy":"product_brand","embeddable":true,"href":"https:\/\/labirinto.ch\/fr\/wp-json\/wp\/v2\/product_brand?post=26213"},{"taxonomy":"product_cat","embeddable":true,"href":"https:\/\/labirinto.ch\/fr\/wp-json\/wp\/v2\/product_cat?post=26213"},{"taxonomy":"product_tag","embeddable":true,"href":"https:\/\/labirinto.ch\/fr\/wp-json\/wp\/v2\/product_tag?post=26213"}],"curies":[{"name":"wp","href":"https:\/\/api.w.org\/{rel}","templated":true}]}}