{"id":26482,"date":"2024-11-07T16:04:36","date_gmt":"2024-11-07T15:04:36","guid":{"rendered":"https:\/\/labirinto.ch\/prodotto\/annette-gortz-pull-over-deux-couleurs\/"},"modified":"2025-02-04T11:56:33","modified_gmt":"2025-02-04T10:56:33","slug":"annette-gortz-pull-over-deux-couleurs","status":"publish","type":"product","link":"https:\/\/labirinto.ch\/fr\/prodotto\/annette-gortz-pull-over-deux-couleurs\/","title":{"rendered":"ANNETTE G\u00d6RTZ Pull-over"},"content":{"rendered":"","protected":false},"excerpt":{"rendered":"<p>39% baby suri alpaga, 22% laine m\u00e9rinos extra fine, 23% polyur\u00e9thane, 9% polyamide, 7% polyester<\/p>\n<p>Lavage \u00e0 la main<\/p>\n<p>Fabriqu\u00e9 en Turquie<\/p>\n<div>Cet article se trouve dans la boutique Il Labirinto 1 floor<\/div>\n<div>Contactez-nous pour toute question +41 79 735 91 70<\/div>\n","protected":false},"featured_media":26464,"comment_status":"open","ping_status":"closed","template":"","meta":{"_acf_changed":false,"_seopress_robots_primary_cat":"","_seopress_titles_title":"","_seopress_titles_desc":"","_seopress_robots_index":""},"product_brand":[],"product_cat":[565],"product_tag":[],"class_list":{"0":"post-26482","1":"product","2":"type-product","3":"status-publish","4":"has-post-thumbnail","6":"product_cat-vetements","7":"pa_brand-annette_goertz","9":"first","10":"instock","11":"shipping-taxable","12":"purchasable","13":"product-type-variable"},"exclude_global_add_ons":[],"addons":[],"acf":[],"jetpack_sharing_enabled":true,"_links":{"self":[{"href":"https:\/\/labirinto.ch\/fr\/wp-json\/wp\/v2\/product\/26482","targetHints":{"allow":["GET"]}}],"collection":[{"href":"https:\/\/labirinto.ch\/fr\/wp-json\/wp\/v2\/product"}],"about":[{"href":"https:\/\/labirinto.ch\/fr\/wp-json\/wp\/v2\/types\/product"}],"replies":[{"embeddable":true,"href":"https:\/\/labirinto.ch\/fr\/wp-json\/wp\/v2\/comments?post=26482"}],"wp:featuredmedia":[{"embeddable":true,"href":"https:\/\/labirinto.ch\/fr\/wp-json\/wp\/v2\/media\/26464"}],"wp:attachment":[{"href":"https:\/\/labirinto.ch\/fr\/wp-json\/wp\/v2\/media?parent=26482"}],"wp:term":[{"taxonomy":"product_brand","embeddable":true,"href":"https:\/\/labirinto.ch\/fr\/wp-json\/wp\/v2\/product_brand?post=26482"},{"taxonomy":"product_cat","embeddable":true,"href":"https:\/\/labirinto.ch\/fr\/wp-json\/wp\/v2\/product_cat?post=26482"},{"taxonomy":"product_tag","embeddable":true,"href":"https:\/\/labirinto.ch\/fr\/wp-json\/wp\/v2\/product_tag?post=26482"}],"curies":[{"name":"wp","href":"https:\/\/api.w.org\/{rel}","templated":true}]}}