{"id":26782,"date":"2024-12-05T18:17:37","date_gmt":"2024-12-05T17:17:37","guid":{"rendered":"https:\/\/labirinto.ch\/prodotto\/foulard-avant-toi-icon\/"},"modified":"2024-12-05T18:17:37","modified_gmt":"2024-12-05T17:17:37","slug":"foulard-avant-toi-icon","status":"publish","type":"product","link":"https:\/\/labirinto.ch\/fr\/prodotto\/foulard-avant-toi-icon\/","title":{"rendered":"Foulard AVANT TOI ICON"},"content":{"rendered":"","protected":false},"excerpt":{"rendered":"<p>\u00c9DITION LIMIT\u00c9E NUM\u00c9ROT\u00c9E 70% cachemire, 30% soie<\/p>\n<p>Fabriqu\u00e9 en Italie<\/p>\n<div>Cet article se trouve dans la boutique Il Labirinto 1 floor<\/div>\n<div>Contactez-nous pour toute question +41 79 735 91 70<\/div>\n","protected":false},"featured_media":26794,"comment_status":"closed","ping_status":"closed","template":"","meta":{"_acf_changed":false,"_seopress_robots_primary_cat":"","_seopress_titles_title":"","_seopress_titles_desc":"","_seopress_robots_index":""},"product_brand":[],"product_cat":[585],"product_tag":[],"class_list":{"0":"post-26782","1":"product","2":"type-product","3":"status-publish","4":"has-post-thumbnail","6":"product_cat-accessoires","7":"pa_brand-avant-toi","9":"first","10":"outofstock","11":"shipping-taxable","12":"purchasable","13":"product-type-simple"},"exclude_global_add_ons":[],"addons":[],"acf":[],"jetpack_sharing_enabled":true,"_links":{"self":[{"href":"https:\/\/labirinto.ch\/fr\/wp-json\/wp\/v2\/product\/26782","targetHints":{"allow":["GET"]}}],"collection":[{"href":"https:\/\/labirinto.ch\/fr\/wp-json\/wp\/v2\/product"}],"about":[{"href":"https:\/\/labirinto.ch\/fr\/wp-json\/wp\/v2\/types\/product"}],"replies":[{"embeddable":true,"href":"https:\/\/labirinto.ch\/fr\/wp-json\/wp\/v2\/comments?post=26782"}],"wp:featuredmedia":[{"embeddable":true,"href":"https:\/\/labirinto.ch\/fr\/wp-json\/wp\/v2\/media\/26794"}],"wp:attachment":[{"href":"https:\/\/labirinto.ch\/fr\/wp-json\/wp\/v2\/media?parent=26782"}],"wp:term":[{"taxonomy":"product_brand","embeddable":true,"href":"https:\/\/labirinto.ch\/fr\/wp-json\/wp\/v2\/product_brand?post=26782"},{"taxonomy":"product_cat","embeddable":true,"href":"https:\/\/labirinto.ch\/fr\/wp-json\/wp\/v2\/product_cat?post=26782"},{"taxonomy":"product_tag","embeddable":true,"href":"https:\/\/labirinto.ch\/fr\/wp-json\/wp\/v2\/product_tag?post=26782"}],"curies":[{"name":"wp","href":"https:\/\/api.w.org\/{rel}","templated":true}]}}