{"id":27326,"date":"2025-02-05T16:20:13","date_gmt":"2025-02-05T15:20:13","guid":{"rendered":"https:\/\/labirinto.ch\/prodotto\/giorgio-brato-veste-en-cuir-2\/"},"modified":"2025-02-11T14:23:37","modified_gmt":"2025-02-11T13:23:37","slug":"giorgio-brato-veste-en-cuir-2","status":"publish","type":"product","link":"https:\/\/labirinto.ch\/fr\/prodotto\/giorgio-brato-veste-en-cuir-2\/","title":{"rendered":"GIORGIO BRATO Veste en cuir fabriqu\u00e9e \u00e0 la main en Italie"},"content":{"rendered":"","protected":false},"excerpt":{"rendered":"<p>Veste en cuir <strong>Giorgio Brato<\/strong>, fabriqu\u00e9e \u00e0 partir de <strong>cuir tann\u00e9 naturellement<\/strong> sans produits chimiques. Un v\u00eatement exclusif, expression de l&rsquo;artisanat et du design italiens. <\/p>\n<p><strong>Mat\u00e9riaux et d\u00e9tails :<\/strong><\/p>\n<ul>\n<li><strong>100% cuir naturel<\/strong> fabriqu\u00e9 \u00e0 la main<\/li>\n<li><strong>Doublure int\u00e9rieure<\/strong>: 93% soie, 7% \u00e9lasthanne<\/li>\n<li>Coupe raffin\u00e9e et finition de haute qualit\u00e9<\/li>\n<\/ul>\n<p>&nbsp;<\/p>\n<p><strong>Excellence et style :<\/strong><\/p>\n<ul>\n<li>Produit en Italie selon des techniques de fabrication traditionnelles<\/li>\n<li>Parfait pour ceux qui recherchent une \u00e9l\u00e9gance sophistiqu\u00e9e et intemporelle<\/li>\n<\/ul>\n<p>&nbsp;<\/p>\n<p>D<strong>isponible \u00e0 la boutique Il Labirinto<\/strong> Pour toute information, veuillez contacter le<strong>+41 91 751 12 60<\/strong><\/p>\n","protected":false},"featured_media":27317,"comment_status":"closed","ping_status":"closed","template":"","meta":{"_acf_changed":false,"_seopress_robots_primary_cat":"none","_seopress_titles_title":"","_seopress_titles_desc":"","_seopress_robots_index":""},"product_brand":[],"product_cat":[565],"product_tag":[],"class_list":{"0":"post-27326","1":"product","2":"type-product","3":"status-publish","4":"has-post-thumbnail","6":"product_cat-vetements","7":"pa_brand-giorgio-brato","9":"first","10":"instock","11":"shipping-taxable","12":"purchasable","13":"product-type-variable"},"exclude_global_add_ons":[],"addons":[],"acf":[],"jetpack_sharing_enabled":true,"_links":{"self":[{"href":"https:\/\/labirinto.ch\/fr\/wp-json\/wp\/v2\/product\/27326","targetHints":{"allow":["GET"]}}],"collection":[{"href":"https:\/\/labirinto.ch\/fr\/wp-json\/wp\/v2\/product"}],"about":[{"href":"https:\/\/labirinto.ch\/fr\/wp-json\/wp\/v2\/types\/product"}],"replies":[{"embeddable":true,"href":"https:\/\/labirinto.ch\/fr\/wp-json\/wp\/v2\/comments?post=27326"}],"wp:featuredmedia":[{"embeddable":true,"href":"https:\/\/labirinto.ch\/fr\/wp-json\/wp\/v2\/media\/27317"}],"wp:attachment":[{"href":"https:\/\/labirinto.ch\/fr\/wp-json\/wp\/v2\/media?parent=27326"}],"wp:term":[{"taxonomy":"product_brand","embeddable":true,"href":"https:\/\/labirinto.ch\/fr\/wp-json\/wp\/v2\/product_brand?post=27326"},{"taxonomy":"product_cat","embeddable":true,"href":"https:\/\/labirinto.ch\/fr\/wp-json\/wp\/v2\/product_cat?post=27326"},{"taxonomy":"product_tag","embeddable":true,"href":"https:\/\/labirinto.ch\/fr\/wp-json\/wp\/v2\/product_tag?post=27326"}],"curies":[{"name":"wp","href":"https:\/\/api.w.org\/{rel}","templated":true}]}}