{"id":27940,"date":"2025-02-12T10:51:54","date_gmt":"2025-02-12T09:51:54","guid":{"rendered":"https:\/\/labirinto.ch\/prodotto\/faliero-sarti-styliste-foulard\/"},"modified":"2025-02-12T10:51:54","modified_gmt":"2025-02-12T09:51:54","slug":"faliero-sarti-styliste-foulard","status":"publish","type":"product","link":"https:\/\/labirinto.ch\/fr\/prodotto\/faliero-sarti-styliste-foulard\/","title":{"rendered":"FALIERO SARTI Styliste Foulard"},"content":{"rendered":"","protected":false},"excerpt":{"rendered":"<p>En collaboration avec le Museo del Tessuto di Prato - l&rsquo;une des principales institutions europ\u00e9ennes d\u00e9di\u00e9es \u00e0 la promotion des textiles anciens et contemporains - \u00e0 l&rsquo;occasion de l&rsquo;exposition \"Walter Albini. Le g\u00e9nie, le cr\u00e9ateur\", l&rsquo;\u00e9tole Stylist a \u00e9t\u00e9 cr\u00e9\u00e9e \u00e0 partir de la collection d&rsquo;imprim\u00e9s et de dessins originaux du cr\u00e9ateur qui a marqu\u00e9 l&rsquo;histoire du Made in Italy.<\/p>\n<p>140 x 170 cm<\/p>\n<p>85% Modal, 15% soie<\/p>\n<p>Fabriqu\u00e9 en Italie<\/p>\n<div>Cet article est disponible sur le site de la boutique Il Labirinto<\/div>\n<div>Contactez-nous pour toute question <a href=\"tel:0041917511260\">+41 91 751 12 60<\/a><\/div>\n","protected":false},"featured_media":27921,"comment_status":"closed","ping_status":"closed","template":"","meta":{"_acf_changed":false,"_seopress_robots_primary_cat":"","_seopress_titles_title":"","_seopress_titles_desc":"","_seopress_robots_index":""},"product_brand":[],"product_cat":[585,670],"product_tag":[],"class_list":{"0":"post-27940","1":"product","2":"type-product","3":"status-publish","4":"has-post-thumbnail","6":"product_cat-accessoires","7":"product_cat-foulards-fr","8":"pa_brand-faliero_sarti","10":"first","11":"instock","12":"sale","13":"shipping-taxable","14":"purchasable","15":"product-type-simple"},"exclude_global_add_ons":[],"addons":[],"acf":[],"jetpack_sharing_enabled":true,"_links":{"self":[{"href":"https:\/\/labirinto.ch\/fr\/wp-json\/wp\/v2\/product\/27940","targetHints":{"allow":["GET"]}}],"collection":[{"href":"https:\/\/labirinto.ch\/fr\/wp-json\/wp\/v2\/product"}],"about":[{"href":"https:\/\/labirinto.ch\/fr\/wp-json\/wp\/v2\/types\/product"}],"replies":[{"embeddable":true,"href":"https:\/\/labirinto.ch\/fr\/wp-json\/wp\/v2\/comments?post=27940"}],"wp:featuredmedia":[{"embeddable":true,"href":"https:\/\/labirinto.ch\/fr\/wp-json\/wp\/v2\/media\/27921"}],"wp:attachment":[{"href":"https:\/\/labirinto.ch\/fr\/wp-json\/wp\/v2\/media?parent=27940"}],"wp:term":[{"taxonomy":"product_brand","embeddable":true,"href":"https:\/\/labirinto.ch\/fr\/wp-json\/wp\/v2\/product_brand?post=27940"},{"taxonomy":"product_cat","embeddable":true,"href":"https:\/\/labirinto.ch\/fr\/wp-json\/wp\/v2\/product_cat?post=27940"},{"taxonomy":"product_tag","embeddable":true,"href":"https:\/\/labirinto.ch\/fr\/wp-json\/wp\/v2\/product_tag?post=27940"}],"curies":[{"name":"wp","href":"https:\/\/api.w.org\/{rel}","templated":true}]}}