{"id":30246,"date":"2025-04-01T15:17:41","date_gmt":"2025-04-01T13:17:41","guid":{"rendered":"https:\/\/labirinto.ch\/prodotto\/amorphose-sac-a-retine\/"},"modified":"2025-04-01T15:17:41","modified_gmt":"2025-04-01T13:17:41","slug":"amorphose-sac-a-retine","status":"publish","type":"product","link":"https:\/\/labirinto.ch\/fr\/prodotto\/amorphose-sac-a-retine\/","title":{"rendered":"AMORPHOSE Sac \u00e0 r\u00e9tine"},"content":{"rendered":"","protected":false},"excerpt":{"rendered":"<p>fermeture \u00e0 glissi\u00e8re<\/p>\n<p>pochette int\u00e9rieure amovible<\/p>\n<p>100% polyester<\/p>\n<p>lavage \u00e0 30\u00b0C<\/p>\n<p>Fabriqu\u00e9 en Suisse<\/p>\n<div>Cet article est disponible sur le site de la boutique Il Labirinto<\/div>\n<div>Contactez-nous pour toute question <a href=\"tel:0041917511260\">+41 91 751 12 60<\/a><\/div>\n","protected":false},"featured_media":30231,"comment_status":"closed","ping_status":"closed","template":"","meta":{"_acf_changed":false,"_seopress_robots_primary_cat":"","_seopress_titles_title":"","_seopress_titles_desc":"","_seopress_robots_index":""},"product_brand":[],"product_cat":[585],"product_tag":[],"class_list":{"0":"post-30246","1":"product","2":"type-product","3":"status-publish","4":"has-post-thumbnail","6":"product_cat-accessoires","7":"pa_brand-amorphose","9":"first","10":"instock","11":"shipping-taxable","12":"purchasable","13":"product-type-simple"},"exclude_global_add_ons":[],"addons":[],"acf":[],"jetpack_sharing_enabled":true,"_links":{"self":[{"href":"https:\/\/labirinto.ch\/fr\/wp-json\/wp\/v2\/product\/30246","targetHints":{"allow":["GET"]}}],"collection":[{"href":"https:\/\/labirinto.ch\/fr\/wp-json\/wp\/v2\/product"}],"about":[{"href":"https:\/\/labirinto.ch\/fr\/wp-json\/wp\/v2\/types\/product"}],"replies":[{"embeddable":true,"href":"https:\/\/labirinto.ch\/fr\/wp-json\/wp\/v2\/comments?post=30246"}],"wp:featuredmedia":[{"embeddable":true,"href":"https:\/\/labirinto.ch\/fr\/wp-json\/wp\/v2\/media\/30231"}],"wp:attachment":[{"href":"https:\/\/labirinto.ch\/fr\/wp-json\/wp\/v2\/media?parent=30246"}],"wp:term":[{"taxonomy":"product_brand","embeddable":true,"href":"https:\/\/labirinto.ch\/fr\/wp-json\/wp\/v2\/product_brand?post=30246"},{"taxonomy":"product_cat","embeddable":true,"href":"https:\/\/labirinto.ch\/fr\/wp-json\/wp\/v2\/product_cat?post=30246"},{"taxonomy":"product_tag","embeddable":true,"href":"https:\/\/labirinto.ch\/fr\/wp-json\/wp\/v2\/product_tag?post=30246"}],"curies":[{"name":"wp","href":"https:\/\/api.w.org\/{rel}","templated":true}]}}