{"id":31397,"date":"2025-06-11T14:10:00","date_gmt":"2025-06-11T12:10:00","guid":{"rendered":"https:\/\/labirinto.ch\/prodotto\/maria-calderara-collier-3\/"},"modified":"2025-06-11T14:10:00","modified_gmt":"2025-06-11T12:10:00","slug":"maria-calderara-collier-3","status":"publish","type":"product","link":"https:\/\/labirinto.ch\/fr\/prodotto\/maria-calderara-collier-3\/","title":{"rendered":"MARIA CALDERARA Collier"},"content":{"rendered":"","protected":false},"excerpt":{"rendered":"<p>Collection #TOUCH de la cr\u00e9atrice de mode Maria Calderara inspir\u00e9e par les \u0153uvres du c\u00e9l\u00e8bre artiste Piero Manzoni.<\/p>\n<p>Les bijoux de Maria Calderara sont fabriqu\u00e9s \u00e0 la main \u00e0 Venise.<\/p>\n<p>Les artisans ont suivi les cours de l&rsquo;\u00e9cole d&rsquo;art Carmini. Chaque pi\u00e8ce est unique et chaque imperfection fait partie de la beaut\u00e9 du bijou. <\/p>\n<p>Mat\u00e9riau : r\u00e9sine<\/p>\n<p>en noir disponible <a href=\"https:\/\/labirinto.ch\/de\/prodotto\/maria-calderara-halskette\/\">ici<\/a><\/p>\n<p>vierge disponible <a href=\"https:\/\/labirinto.ch\/de\/prodotto\/maria-calderara-halskette-2\/\">ici<\/a><\/p>\n<div>Cet article se trouve dans la boutique Il Labirinto 1 floor<\/div>\n<div>Contactez-nous pour toute question <a href=\"tel:+41797359170\">+41 79 735 91 70<\/a><\/div>\n","protected":false},"featured_media":31381,"comment_status":"closed","ping_status":"closed","template":"","meta":{"_acf_changed":false,"_seopress_robots_primary_cat":"","_seopress_titles_title":"","_seopress_titles_desc":"","_seopress_robots_index":""},"product_brand":[],"product_cat":[585],"product_tag":[],"class_list":{"0":"post-31397","1":"product","2":"type-product","3":"status-publish","4":"has-post-thumbnail","6":"product_cat-accessoires","7":"pa_brand-maria-calderara","9":"first","10":"outofstock","11":"shipping-taxable","12":"purchasable","13":"product-type-simple"},"exclude_global_add_ons":[],"addons":[],"acf":[],"jetpack_sharing_enabled":true,"_links":{"self":[{"href":"https:\/\/labirinto.ch\/fr\/wp-json\/wp\/v2\/product\/31397","targetHints":{"allow":["GET"]}}],"collection":[{"href":"https:\/\/labirinto.ch\/fr\/wp-json\/wp\/v2\/product"}],"about":[{"href":"https:\/\/labirinto.ch\/fr\/wp-json\/wp\/v2\/types\/product"}],"replies":[{"embeddable":true,"href":"https:\/\/labirinto.ch\/fr\/wp-json\/wp\/v2\/comments?post=31397"}],"wp:featuredmedia":[{"embeddable":true,"href":"https:\/\/labirinto.ch\/fr\/wp-json\/wp\/v2\/media\/31381"}],"wp:attachment":[{"href":"https:\/\/labirinto.ch\/fr\/wp-json\/wp\/v2\/media?parent=31397"}],"wp:term":[{"taxonomy":"product_brand","embeddable":true,"href":"https:\/\/labirinto.ch\/fr\/wp-json\/wp\/v2\/product_brand?post=31397"},{"taxonomy":"product_cat","embeddable":true,"href":"https:\/\/labirinto.ch\/fr\/wp-json\/wp\/v2\/product_cat?post=31397"},{"taxonomy":"product_tag","embeddable":true,"href":"https:\/\/labirinto.ch\/fr\/wp-json\/wp\/v2\/product_tag?post=31397"}],"curies":[{"name":"wp","href":"https:\/\/api.w.org\/{rel}","templated":true}]}}