{"id":31839,"date":"2025-08-05T13:59:52","date_gmt":"2025-08-05T11:59:52","guid":{"rendered":"https:\/\/labirinto.ch\/prodotto\/echarpe-faliero-sarti-x-il-labirinto\/"},"modified":"2025-08-20T13:21:59","modified_gmt":"2025-08-20T11:21:59","slug":"echarpe-faliero-sarti-x-il-labirinto","status":"publish","type":"product","link":"https:\/\/labirinto.ch\/fr\/prodotto\/echarpe-faliero-sarti-x-il-labirinto\/","title":{"rendered":"\u00c9charpe FALIERO SARTI x IL LABIRINTO"},"content":{"rendered":"","protected":false},"excerpt":{"rendered":"<p>Collection Faliero Sarti en collaboration avec notre boutique Il LABIRINTO,<\/p>\n<p>pour c\u00e9l\u00e9brer 40 ans d&rsquo;activit\u00e9<\/p>\n<p>160 x 160 cm<\/p>\n<p>49% laine vierge, 27% soie, 24% cachemire<\/p>\n<p>Made in Italy<\/p>\n<p>&nbsp;<\/p>\n","protected":false},"featured_media":31824,"comment_status":"open","ping_status":"closed","template":"","meta":{"_acf_changed":false,"_seopress_robots_primary_cat":"","_seopress_titles_title":"","_seopress_titles_desc":"","_seopress_robots_index":""},"product_brand":[],"product_cat":[585],"product_tag":[],"class_list":{"0":"post-31839","1":"product","2":"type-product","3":"status-publish","4":"has-post-thumbnail","6":"product_cat-accessoires","7":"pa_brand-faliero_sarti","9":"first","10":"instock","11":"shipping-taxable","12":"purchasable","13":"product-type-simple"},"exclude_global_add_ons":[],"addons":[],"acf":[],"jetpack_sharing_enabled":true,"_links":{"self":[{"href":"https:\/\/labirinto.ch\/fr\/wp-json\/wp\/v2\/product\/31839","targetHints":{"allow":["GET"]}}],"collection":[{"href":"https:\/\/labirinto.ch\/fr\/wp-json\/wp\/v2\/product"}],"about":[{"href":"https:\/\/labirinto.ch\/fr\/wp-json\/wp\/v2\/types\/product"}],"replies":[{"embeddable":true,"href":"https:\/\/labirinto.ch\/fr\/wp-json\/wp\/v2\/comments?post=31839"}],"wp:featuredmedia":[{"embeddable":true,"href":"https:\/\/labirinto.ch\/fr\/wp-json\/wp\/v2\/media\/31824"}],"wp:attachment":[{"href":"https:\/\/labirinto.ch\/fr\/wp-json\/wp\/v2\/media?parent=31839"}],"wp:term":[{"taxonomy":"product_brand","embeddable":true,"href":"https:\/\/labirinto.ch\/fr\/wp-json\/wp\/v2\/product_brand?post=31839"},{"taxonomy":"product_cat","embeddable":true,"href":"https:\/\/labirinto.ch\/fr\/wp-json\/wp\/v2\/product_cat?post=31839"},{"taxonomy":"product_tag","embeddable":true,"href":"https:\/\/labirinto.ch\/fr\/wp-json\/wp\/v2\/product_tag?post=31839"}],"curies":[{"name":"wp","href":"https:\/\/api.w.org\/{rel}","templated":true}]}}