{"id":32642,"date":"2025-09-24T13:08:42","date_gmt":"2025-09-24T11:08:42","guid":{"rendered":"https:\/\/labirinto.ch\/prodotto\/maria-calderara-collier-5\/"},"modified":"2025-09-24T13:08:42","modified_gmt":"2025-09-24T11:08:42","slug":"maria-calderara-collier-5","status":"publish","type":"product","link":"https:\/\/labirinto.ch\/fr\/prodotto\/maria-calderara-collier-5\/","title":{"rendered":"MARIA CALDERARA Collier"},"content":{"rendered":"","protected":false},"excerpt":{"rendered":"<p>Les bijoux de Maria Calderara sont fabriqu\u00e9s \u00e0 la main \u00e0 Venise. Leurs artisans ont suivi les cours de l&rsquo;\u00e9cole d&rsquo;art Carmini. Chaque pi\u00e8ce est unique et chaque imperfection fait partie de la beaut\u00e9 du bijou. <\/p>\n<p>Fabriqu\u00e9 \u00e0 la main en Italie<\/p>\n<div>Cet article se trouve dans la boutique Il Labirinto 1 floor<\/div>\n<div>Contactez-nous pour toute question <a href=\"%2079%%2091%tel:+41 20735 2070\">+41 79 735 91 70<\/a><\/div>\n","protected":false},"featured_media":32636,"comment_status":"closed","ping_status":"closed","template":"","meta":{"_acf_changed":false,"_seopress_robots_primary_cat":"","_seopress_titles_title":"","_seopress_titles_desc":"","_seopress_robots_index":""},"product_brand":[],"product_cat":[585],"product_tag":[],"class_list":{"0":"post-32642","1":"product","2":"type-product","3":"status-publish","4":"has-post-thumbnail","6":"product_cat-accessoires","8":"first","9":"instock","10":"shipping-taxable","11":"purchasable","12":"product-type-simple"},"exclude_global_add_ons":[],"addons":[],"acf":[],"jetpack_sharing_enabled":true,"_links":{"self":[{"href":"https:\/\/labirinto.ch\/fr\/wp-json\/wp\/v2\/product\/32642","targetHints":{"allow":["GET"]}}],"collection":[{"href":"https:\/\/labirinto.ch\/fr\/wp-json\/wp\/v2\/product"}],"about":[{"href":"https:\/\/labirinto.ch\/fr\/wp-json\/wp\/v2\/types\/product"}],"replies":[{"embeddable":true,"href":"https:\/\/labirinto.ch\/fr\/wp-json\/wp\/v2\/comments?post=32642"}],"wp:featuredmedia":[{"embeddable":true,"href":"https:\/\/labirinto.ch\/fr\/wp-json\/wp\/v2\/media\/32636"}],"wp:attachment":[{"href":"https:\/\/labirinto.ch\/fr\/wp-json\/wp\/v2\/media?parent=32642"}],"wp:term":[{"taxonomy":"product_brand","embeddable":true,"href":"https:\/\/labirinto.ch\/fr\/wp-json\/wp\/v2\/product_brand?post=32642"},{"taxonomy":"product_cat","embeddable":true,"href":"https:\/\/labirinto.ch\/fr\/wp-json\/wp\/v2\/product_cat?post=32642"},{"taxonomy":"product_tag","embeddable":true,"href":"https:\/\/labirinto.ch\/fr\/wp-json\/wp\/v2\/product_tag?post=32642"}],"curies":[{"name":"wp","href":"https:\/\/api.w.org\/{rel}","templated":true}]}}